{"id":14,"date":"2021-03-11T11:14:59","date_gmt":"2021-03-11T00:14:59","guid":{"rendered":"https:\/\/pregnancychoices.org.au\/?page_id=14"},"modified":"2021-04-28T12:55:15","modified_gmt":"2021-04-28T02:55:15","slug":"choosing-to-parent","status":"publish","type":"page","link":"https:\/\/www.pregnancychoices.org.au\/vi\/choosing-to-parent\/","title":{"rendered":"L\u00e0m m\u1eb9"},"content":{"rendered":"<p>Vi\u1ec7c qu\u00fd v\u1ecb l\u1ef1a ch\u1ecdn nu\u00f4i con hay kh\u00f4ng l\u00e0 m\u1ed9t quy\u1ebft \u0111\u1ecbnh l\u1edbn. Qu\u00fd v\u1ecb c\u00f3 th\u1ec3 c\u00f9ng l\u00e0m cha m\u1eb9 v\u1edbi cha \u0111\u1ee9a tr\u1ebb, ho\u1eb7c l\u00e0m m\u1eb9 \u0111\u01a1n th\u00e2n. N\u1ebfu qu\u00fd v\u1ecb mang thai khi \u0111ang trong m\u1ed9t m\u1ed1i quan h\u1ec7 t\u00ecnh c\u1ea3m, qu\u00fd v\u1ecb c\u00f3 th\u1ec3 th\u1ea3o lu\u1eadn v\u1edbi cha \u0111\u1ee9a tr\u1ebb v\u1ec1 l\u1ef1a ch\u1ecdn c\u1ee7a m\u00ecnh.<\/p>\r\n\r\n\r\n\r\n<h3 class=\"wp-block-heading\">C\u00d9NG TR\u1ede TH\u00c0NH CHA M\u1eb8<\/h3>\r\n\r\n\r\n\r\n<p>Khi trao \u0111\u1ed5i v\u1edbi cha \u0111\u1ee9a tr\u1ebb, \u0111i\u1ec1u quan tr\u1ecdng l\u00e0 c\u1ea3m gi\u00e1c c\u1ee7a c\u1ea3 hai v\u1ec1 nh\u1eefng thay \u0111\u1ed5i trong m\u1ed1i quan h\u1ec7 t\u00ecnh c\u1ea3m, thu nh\u1eadp v\u00e0 l\u1ed1i s\u1ed1ng m\u00e0 vi\u1ec7c nu\u00f4i con c\u00f3 th\u1ec3 \u0111em t\u1edbi. Vi\u1ec7c qu\u00fd v\u1ecb tr\u1ea3i qua nhi\u1ec1u cung b\u1eadc c\u1ea3m x\u00fac kh\u00e1c nhau hay lo l\u1eafng v\u1ec1 nh\u1eefng g\u00ec m\u00ecnh s\u1eafp ph\u1ea3i \u0111\u1ed1i m\u1eb7t l\u00e0 \u0111i\u1ec1u h\u1ebft s\u1ee9c b\u00ecnh th\u01b0\u1eddng. N\u1ebfu qu\u00fd v\u1ecb ch\u01b0a s\u1eb5n s\u00e0ng \u0111\u01b0a ra quy\u1ebft \u0111\u1ecbnh v\u1edbi t\u01b0 c\u00e1ch l\u00e0 v\u1ee3 ch\u1ed3ng, ho\u1eb7c n\u1ebfu m\u1ed1i quan h\u1ec7 n\u00e0y ch\u1ec9 m\u1edbi b\u1eaft \u0111\u1ea7u v\u00e0 ch\u01b0a \u1ed5n \u0111\u1ecbnh, h\u00e0nh tr\u00ecnh \u0111\u01b0a ra quy\u1ebft \u0111\u1ecbnh c\u00f3 th\u1ec3 s\u1ebd r\u1ea5t kh\u00f3 kh\u0103n v\u00e0 cho\u00e1ng ng\u1ee3p.<\/p>\r\n\r\n\r\n\r\n<h3 class=\"wp-block-heading\">L\u00c0M M\u1eb8 \u0110\u01a0N TH\u00c2N<\/h3>\r\n\r\n\r\n\r\n<p>M\u1ed9t s\u1ed1 ng\u01b0\u1eddi c\u00f3 th\u1ec3 ch\u1ecdn l\u00e0m m\u1eb9 \u0111\u01a1n th\u00e2n v\u00e0 m\u1ed9t s\u1ed1 ng\u01b0\u1eddi kh\u00e1c c\u00f3 th\u1ec3 ph\u1ea3i l\u00e0m m\u1eb9 \u0111\u01a1n th\u00e2n do m\u1ed1i quan h\u1ec7 tan v\u1ee1 ho\u1eb7c suy ngh\u0129 kh\u00e1c nhau khi \u0111\u1ed1i di\u1ec7n v\u1edbi vi\u1ec7c mang thai ngo\u00e0i \u00fd mu\u1ed1n. Qu\u00fd v\u1ecb n\u00ean t\u00ecm ki\u1ebfm s\u1ef1 h\u1ed7 tr\u1ee3 t\u1eeb gia \u0111\u00ecnh, b\u1ea1n b\u00e8 v\u00e0 suy ngh\u0129 v\u1ec1 m\u1ea1ng l\u01b0\u1edbi h\u1ed7 tr\u1ee3 s\u1eb5n c\u00f3 v\u1edbi m\u00ecnh.<\/p>\r\n\r\n\r\n\r\n<h3 class=\"wp-block-heading\">H\u1ed6 TR\u1ee2 NU\u00d4I CON<\/h3>\r\n\r\n\r\n\r\n<p class=\"translation-block\">C\u00f3 nhi\u1ec1u ngu\u1ed3n h\u1ed7 tr\u1ee3 s\u1eb5n c\u00f3 gi\u00fap qu\u00fd v\u1ecb nu\u00f4i con, bao g\u1ed3m h\u1ed7 tr\u1ee3 t\u00e0i ch\u00ednh v\u00e0 h\u1ed7 tr\u1ee3 th\u1ef1c ti\u1ec5n. \u0110\u1ec3 bi\u1ebft th\u00eam th\u00f4ng tin chi ti\u1ebft v\u1ec1 c\u00e1c ph\u01b0\u01a1ng \u00e1n h\u1ed7 tr\u1ee3 t\u00e0i ch\u00ednh kh\u1ea3 thi, xin vui l\u00f2ng truy c\u1eadp chuy\u00ean trang: <a href=\"https:\/\/www.nsw.gov.au\/topics\/having-children\" target=\"_self\" rel=\"noreferrer noopener\">C\u00f3 Con | Ch\u00ednh ph\u1ee7 Ti\u1ec3u bang NSW<\/a><\/p>\r\n\r\n\r\n\r\n<p class=\"translation-block\">\u0110\u1ec3 bi\u1ebft th\u00eam th\u00f4ng tin chi ti\u1ebft v\u1ec1 ch\u0103m s\u00f3c s\u1ee9c kh\u1ecfe thai k\u1ef3, h\u00e3y g\u1ecdi \u0111\u1ebfn \u0110\u01b0\u1eddng D\u00e2y H\u1ed7 Tr\u1ee3 V\u1ec1 C\u00e1c L\u1ef1a Ch\u1ecdn Khi Mang Thai  theo s\u1ed1 \u0111i\u1ec7n tho\u1ea1i <span><a href=\"tel:1800008463\" target=\"_self\"><strong>1800 008 463<\/strong><\/a><\/span> \u0111\u1ec3 trao \u0111\u1ed5i v\u1edbi y t\u00e1 ch\u0103m s\u00f3c s\u1ee9c kh\u1ecfe sinh s\u1ea3n v\u00e0 s\u1ee9c kh\u1ecfe t\u00ecnh d\u1ee5c. Cu\u1ed9c tr\u00f2 chuy\u1ec7n n\u00e0y s\u1ebd ho\u00e0n to\u00e0n \u0111\u01b0\u1ee3c b\u1ea3o m\u1eadt v\u00e0 \u1ea9n danh. Qu\u00fd v\u1ecb c\u0169ng c\u00f3 th\u1ec3 li\u00ean h\u1ec7 v\u1edbi b\u00e1c s\u0129 \u0111a khoa ho\u1eb7c khoa ph\u1ee5 s\u1ea3n t\u1ea1i b\u1ec7nh vi\u1ec7n \u0111\u1ecba ph\u01b0\u01a1ng \u0111\u1ec3 trao \u0111\u1ed5i v\u1edbi n\u1eef h\u1ed9 sinh ho\u1eb7c nh\u00e2n vi\u00ean c\u00f4ng t\u00e1c x\u00e3 h\u1ed9i.<\/p>","protected":false},"excerpt":{"rendered":"<p>Choosing whether or not to raise a child is a big decision. You may choose to parent with a partner or parent alone. If the pregnancy has occurred when you are in relationship, you may choose to involve your partner in a discussion about your options. Parenting with a partner It is important to talk&hellip;&nbsp;<a href=\"https:\/\/www.pregnancychoices.org.au\/vi\/choosing-to-parent\/\" class=\"\" rel=\"bookmark\">\u0110\u1ecdc ti\u1ebfp &raquo;<span class=\"screen-reader-text\">L\u00e0m m\u1eb9<\/span><\/a><\/p>","protected":false},"author":1,"featured_media":0,"parent":0,"menu_order":0,"comment_status":"closed","ping_status":"closed","template":"","meta":{"om_disable_all_campaigns":false,"_monsterinsights_skip_tracking":false,"_monsterinsights_sitenote_active":false,"_monsterinsights_sitenote_note":"","_monsterinsights_sitenote_category":0,"neve_meta_sidebar":"","neve_meta_container":"","neve_meta_enable_content_width":"off","neve_meta_content_width":0,"neve_meta_title_alignment":"","neve_meta_author_avatar":"","neve_post_elements_order":"","neve_meta_disable_header":"","neve_meta_disable_footer":"","neve_meta_disable_title":"","footnotes":""},"class_list":["post-14","page","type-page","status-publish","hentry"],"aioseo_notices":[],"jetpack_sharing_enabled":true,"_links":{"self":[{"href":"https:\/\/www.pregnancychoices.org.au\/vi\/wp-json\/wp\/v2\/pages\/14","targetHints":{"allow":["GET"]}}],"collection":[{"href":"https:\/\/www.pregnancychoices.org.au\/vi\/wp-json\/wp\/v2\/pages"}],"about":[{"href":"https:\/\/www.pregnancychoices.org.au\/vi\/wp-json\/wp\/v2\/types\/page"}],"author":[{"embeddable":true,"href":"https:\/\/www.pregnancychoices.org.au\/vi\/wp-json\/wp\/v2\/users\/1"}],"replies":[{"embeddable":true,"href":"https:\/\/www.pregnancychoices.org.au\/vi\/wp-json\/wp\/v2\/comments?post=14"}],"version-history":[{"count":7,"href":"https:\/\/www.pregnancychoices.org.au\/vi\/wp-json\/wp\/v2\/pages\/14\/revisions"}],"predecessor-version":[{"id":319,"href":"https:\/\/www.pregnancychoices.org.au\/vi\/wp-json\/wp\/v2\/pages\/14\/revisions\/319"}],"wp:attachment":[{"href":"https:\/\/www.pregnancychoices.org.au\/vi\/wp-json\/wp\/v2\/media?parent=14"}],"curies":[{"name":"wp","href":"https:\/\/api.w.org\/{rel}","templated":true}]}}