{"id":16,"date":"2021-03-11T11:15:15","date_gmt":"2021-03-11T00:15:15","guid":{"rendered":"https:\/\/pregnancychoices.org.au\/?page_id=16"},"modified":"2021-04-22T16:43:52","modified_gmt":"2021-04-22T06:43:52","slug":"contraception","status":"publish","type":"page","link":"https:\/\/www.pregnancychoices.org.au\/vi\/contraception\/","title":{"rendered":"Bi\u1ec7n ph\u00e1p tr\u00e1nh thai"},"content":{"rendered":"<p>D\u00f9 qu\u00fd v\u1ecb quy\u1ebft \u0111\u1ecbnh nh\u01b0 th\u1ebf n\u00e0o th\u00ec \u0111i\u1ec1u quan tr\u1ecdng l\u00e0 qu\u00fd v\u1ecb ph\u1ea3i t\u00ednh \u0111\u1ebfn bi\u1ec7n ph\u00e1p tr\u00e1nh thai m\u00e0 qu\u00fd v\u1ecb c\u00f3 th\u1ec3 s\u1eed d\u1ee5ng trong t\u01b0\u01a1ng lai.<\/p>\r\n\r\n\r\n\r\n<p>Qu\u00fd v\u1ecb c\u00f3 th\u1ec3 th\u1ef1c hi\u1ec7n bi\u1ec7n ph\u00e1p tr\u00e1nh thai ngay sau khi ph\u00e1 thai ho\u1eb7c sinh con. Hi\u1ec7n nay, c\u00f3 nhi\u1ec1u bi\u1ec7n ph\u00e1p tr\u00e1nh thai c\u00f3 s\u1eb5n. C\u00e1c bi\u1ec7n ph\u00e1p tr\u00e1nh thai l\u00e2u d\u00e0i v\u00e0 c\u00f3 th\u1ec3 \u0111\u1ea3o ng\u01b0\u1ee3c th\u01b0\u1eddng hi\u1ec7u qu\u1ea3 nh\u1ea5t, bao g\u1ed3m que c\u1ea5y tr\u00e1nh thai (Implanon) v\u00e0 v\u00f2ng tr\u00e1nh thai (IUD).<\/p>\r\n\r\n\r\n\r\n<p class=\"translation-block\">\u0110\u1ec3 bi\u1ebft th\u00eam th\u00f4ng tin chi ti\u1ebft v\u1ec1 c\u00e1c bi\u1ec7n ph\u00e1p tr\u00e1nh thai s\u1eb5n c\u00f3, xin vui l\u00f2ng truy c\u1eadp website Ban k\u1ebf ho\u1ea1ch h\u00f3a gia \u0111\u00ecnh NSW t\u1ea1i \u0111\u1ecba ch\u1ec9: \n<a href=\"https:\/\/www.fpnsw.org.au\/health-information\/individuals\/contraception\" target=\"_self\" rel=\"noopener\">https:\/\/www.fpnsw.org.au\/health-information\/individuals\/contraception<\/a><\/p>\r\n\r\n\r\n\r\n<p class=\"translation-block\">Qu\u00fd v\u1ecb c\u0169ng c\u00f3 th\u1ec3 trao \u0111\u1ed5i v\u1edbi y t\u00e1 ch\u0103m s\u00f3c s\u1ee9c kh\u1ecfe sinh s\u1ea3n v\u00e0 s\u1ee9c kh\u1ecfe t\u00ecnh d\u1ee5c b\u1eb1ng c\u00e1ch g\u1ecdi \u0111\u1ebfn \u0110\u01b0\u1eddng D\u00e2y H\u1ed7 Tr\u1ee3 V\u1ec1 C\u00e1c L\u1ef1a Ch\u1ecdn Khi Mang Thai  theo s\u1ed1 \u0111i\u1ec7n tho\u1ea1i <span><a href=\"tel:1800008463\" target=\"_self\"><strong>1800 008 463<\/strong><\/a><\/span>. Cu\u1ed9c tr\u00f2 chuy\u1ec7n n\u00e0y s\u1ebd ho\u00e0n to\u00e0n \u0111\u01b0\u1ee3c b\u1ea3o m\u1eadt v\u00e0 \u1ea9n danh.<\/p>","protected":false},"excerpt":{"rendered":"<p>Whatever you decide, it is important to consider what contraception option you might use in the future. Contraception can be started immediately after an abortion or birth. There are many methods of contraception available. Long acting reversible contraceptive methods are the most effective. These include the contraceptive implant (Implanon) and the intra-uterine devices (IUDs). More&hellip;&nbsp;<a href=\"https:\/\/www.pregnancychoices.org.au\/vi\/contraception\/\" class=\"\" rel=\"bookmark\">\u0110\u1ecdc ti\u1ebfp &raquo;<span class=\"screen-reader-text\">Bi\u1ec7n ph\u00e1p tr\u00e1nh thai<\/span><\/a><\/p>","protected":false},"author":1,"featured_media":0,"parent":0,"menu_order":0,"comment_status":"closed","ping_status":"closed","template":"","meta":{"om_disable_all_campaigns":false,"_monsterinsights_skip_tracking":false,"_monsterinsights_sitenote_active":false,"_monsterinsights_sitenote_note":"","_monsterinsights_sitenote_category":0,"neve_meta_sidebar":"","neve_meta_container":"","neve_meta_enable_content_width":"off","neve_meta_content_width":0,"neve_meta_title_alignment":"","neve_meta_author_avatar":"","neve_post_elements_order":"","neve_meta_disable_header":"","neve_meta_disable_footer":"","neve_meta_disable_title":"","footnotes":""},"class_list":["post-16","page","type-page","status-publish","hentry"],"aioseo_notices":[],"jetpack_sharing_enabled":true,"_links":{"self":[{"href":"https:\/\/www.pregnancychoices.org.au\/vi\/wp-json\/wp\/v2\/pages\/16","targetHints":{"allow":["GET"]}}],"collection":[{"href":"https:\/\/www.pregnancychoices.org.au\/vi\/wp-json\/wp\/v2\/pages"}],"about":[{"href":"https:\/\/www.pregnancychoices.org.au\/vi\/wp-json\/wp\/v2\/types\/page"}],"author":[{"embeddable":true,"href":"https:\/\/www.pregnancychoices.org.au\/vi\/wp-json\/wp\/v2\/users\/1"}],"replies":[{"embeddable":true,"href":"https:\/\/www.pregnancychoices.org.au\/vi\/wp-json\/wp\/v2\/comments?post=16"}],"version-history":[{"count":6,"href":"https:\/\/www.pregnancychoices.org.au\/vi\/wp-json\/wp\/v2\/pages\/16\/revisions"}],"predecessor-version":[{"id":272,"href":"https:\/\/www.pregnancychoices.org.au\/vi\/wp-json\/wp\/v2\/pages\/16\/revisions\/272"}],"wp:attachment":[{"href":"https:\/\/www.pregnancychoices.org.au\/vi\/wp-json\/wp\/v2\/media?parent=16"}],"curies":[{"name":"wp","href":"https:\/\/api.w.org\/{rel}","templated":true}]}}