{"id":18,"date":"2021-03-11T11:15:41","date_gmt":"2021-03-11T00:15:41","guid":{"rendered":"https:\/\/pregnancychoices.org.au\/?page_id=18"},"modified":"2021-04-28T13:19:01","modified_gmt":"2021-04-28T03:19:01","slug":"knowing-you-are-pregnant","status":"publish","type":"page","link":"https:\/\/www.pregnancychoices.org.au\/vi\/knowing-you-are-pregnant\/","title":{"rendered":"X\u00e1c \u0111\u1ecbnh c\u00f3 thai"},"content":{"rendered":"<p>Khi qu\u00fd v\u1ecb ngh\u0129 r\u1eb1ng m\u00ecnh c\u00f3 thai, \u0111i\u1ec1u quan tr\u1ecdng l\u00e0 qu\u00fd v\u1ecb ph\u1ea3i x\u00e9t nghi\u1ec7m mang thai (th\u1eed thai) s\u1edbm.<\/p>\r\n\r\n\r\n\r\n<p>Th\u1eed thai c\u00f3 th\u1ec3 th\u1ef1c hi\u1ec7n b\u1eb1ng m\u1eabu n\u01b0\u1edbc ti\u1ec3u ho\u1eb7c m\u1eabu m\u00e1u. Qu\u00fd v\u1ecb c\u00f3 th\u1ec3 mua que th\u1eed thai b\u1eb1ng n\u01b0\u1edbc ti\u1ec3u t\u1ea1i c\u00e1c hi\u1ec7u thu\u1ed1c ho\u1eb7c si\u00eau th\u1ecb v\u00e0 l\u00e0m theo h\u01b0\u1edbng d\u1eabn tr\u00ean bao b\u00ec.<\/p>\r\n<p>Th\u1eed thai b\u1eb1ng m\u1eabu m\u00e1u c\u00f3 th\u1ec3 ti\u1ebfn h\u00e0nh th\u00f4ng qua ph\u00f2ng kh\u00e1m K\u1ebf ho\u1ea1ch h\u00f3a Gia \u0111\u00ecnh NSW, ph\u00f2ng kh\u00e1m \u0111a khoa, Trung t\u00e2m Ch\u0103m s\u00f3c s\u1ee9c kh\u1ecfe ph\u1ee5 n\u1eef ho\u1eb7c d\u1ecbch v\u1ee5 y t\u1ebf t\u1ea1i \u0111\u1ecba ph\u01b0\u01a1ng.<\/p>\r\n\r\n\r\n\r\n<p>C\u00e0ng ph\u00e1t hi\u1ec7n m\u00ecnh c\u00f3 thai s\u1edbm bao nhi\u00eau, qu\u00fd v\u1ecb c\u00e0ng c\u00f3 nhi\u1ec1u th\u1eddi gian \u0111\u1ec3 suy ngh\u0129 v\u1ec1 l\u1ef1a ch\u1ecdn c\u1ee7a m\u00ecnh.<\/p>\r\n<h2>X\u00c1C \u0110\u1ecaNH T\u00ccNH TR\u1ea0NG THAI K\u1ef2<\/h2>\r\n<p>\u0110i\u1ec1u quan tr\u1ecdng l\u00e0 qu\u00fd v\u1ecb ph\u1ea3i x\u00e1c \u0111\u1ecbnh \u0111\u01b0\u1ee3c m\u00ecnh \u0111\u00e3 mang thai \u0111\u01b0\u1ee3c bao nhi\u00eau tu\u1ea7n (tu\u1ed5i thai k\u1ef3). Ng\u00e0y \u0111\u1ea7u ti\u00ean c\u1ee7a k\u1ef3 kinh cu\u1ed1i c\u00f9ng \u0111\u01b0\u1ee3c d\u00f9ng \u0111\u1ec3 \u01b0\u1edbc t\u00ednh tu\u1ed5i thai (theo tu\u1ea7n). V\u00ed d\u1ee5, n\u1ebfu ng\u00e0y \u0111\u1ea7u ti\u00ean c\u1ee7a k\u1ef3 kinh cu\u1ed1i c\u00f9ng l\u00e0 c\u00e1ch \u0111\u00e2y 4 tu\u1ea7n, th\u00ec tu\u1ed5i thai k\u1ef3 c\u1ee7a qu\u00fd v\u1ecb l\u00e0 4 tu\u1ea7n. Si\u00eau \u00e2m s\u1ebd cho qu\u00fd v\u1ecb bi\u1ebft ch\u00ednh x\u00e1c nh\u1ea5t t\u00ecnh tr\u1ea1ng thai k\u1ef3 c\u1ee7a m\u00ecnh.<\/p>\r\n<p>Si\u00eau \u00e2m c\u00f3 th\u1ec3 cho qu\u00fd v\u1ecb bi\u1ebft tu\u1ed5i thai (theo tu\u1ea7n), t\u1eeb \u0111\u00f3 gi\u00fap qu\u00fd v\u1ecb hi\u1ec3u r\u00f5 v\u1ec1 c\u00e1c l\u1ef1a ch\u1ecdn khi mang thai.<\/p>\r\n<p class=\"translation-block\">H\u00e3y g\u1ecdi \u0111\u1ebfn \u0110\u01b0\u1eddng D\u00e2y H\u1ed7 Tr\u1ee3 V\u1ec1 C\u00e1c L\u1ef1a Ch\u1ecdn Khi Mang Thai  theo s\u1ed1 \u0111i\u1ec7n tho\u1ea1i <span><a href=\"tel:1800008463\" target=\"_self\"><strong>1800 008 463<\/strong><\/a><\/span> \u0111\u1ec3 t\u00ecm hi\u1ec3u c\u00e1c \u0111\u1ecba ch\u1ec9 x\u00e9t nghi\u1ec7m th\u1eed thai v\u00e0 si\u00eau \u00e2m.<\/p>","protected":false},"excerpt":{"rendered":"<p>If you think you are pregnant, it is important to have a pregnancy test early. A pregnancy test can be done with a urine or blood sample. You can buy a urine pregnancy test from a pharmacy or supermarket and follow the instructions on the packet. A blood sample pregnancy test can be done through&hellip;&nbsp;<a href=\"https:\/\/www.pregnancychoices.org.au\/vi\/knowing-you-are-pregnant\/\" class=\"\" rel=\"bookmark\">\u0110\u1ecdc ti\u1ebfp &raquo;<span class=\"screen-reader-text\">X\u00e1c \u0111\u1ecbnh c\u00f3 thai<\/span><\/a><\/p>","protected":false},"author":1,"featured_media":0,"parent":0,"menu_order":0,"comment_status":"closed","ping_status":"closed","template":"","meta":{"om_disable_all_campaigns":false,"_monsterinsights_skip_tracking":false,"_monsterinsights_sitenote_active":false,"_monsterinsights_sitenote_note":"","_monsterinsights_sitenote_category":0,"neve_meta_sidebar":"","neve_meta_container":"","neve_meta_enable_content_width":"off","neve_meta_content_width":0,"neve_meta_title_alignment":"","neve_meta_author_avatar":"","neve_post_elements_order":"","neve_meta_disable_header":"","neve_meta_disable_footer":"","neve_meta_disable_title":"","footnotes":""},"class_list":["post-18","page","type-page","status-publish","hentry"],"aioseo_notices":[],"jetpack_sharing_enabled":true,"_links":{"self":[{"href":"https:\/\/www.pregnancychoices.org.au\/vi\/wp-json\/wp\/v2\/pages\/18","targetHints":{"allow":["GET"]}}],"collection":[{"href":"https:\/\/www.pregnancychoices.org.au\/vi\/wp-json\/wp\/v2\/pages"}],"about":[{"href":"https:\/\/www.pregnancychoices.org.au\/vi\/wp-json\/wp\/v2\/types\/page"}],"author":[{"embeddable":true,"href":"https:\/\/www.pregnancychoices.org.au\/vi\/wp-json\/wp\/v2\/users\/1"}],"replies":[{"embeddable":true,"href":"https:\/\/www.pregnancychoices.org.au\/vi\/wp-json\/wp\/v2\/comments?post=18"}],"version-history":[{"count":7,"href":"https:\/\/www.pregnancychoices.org.au\/vi\/wp-json\/wp\/v2\/pages\/18\/revisions"}],"predecessor-version":[{"id":325,"href":"https:\/\/www.pregnancychoices.org.au\/vi\/wp-json\/wp\/v2\/pages\/18\/revisions\/325"}],"wp:attachment":[{"href":"https:\/\/www.pregnancychoices.org.au\/vi\/wp-json\/wp\/v2\/media?parent=18"}],"curies":[{"name":"wp","href":"https:\/\/api.w.org\/{rel}","templated":true}]}}