{"id":196,"date":"2021-04-16T12:13:44","date_gmt":"2021-04-16T02:13:44","guid":{"rendered":"https:\/\/pregnancychoices.org.au\/?page_id=196"},"modified":"2021-04-16T12:13:44","modified_gmt":"2021-04-16T02:13:44","slug":"working-out-how-pregnant-you-are","status":"publish","type":"page","link":"https:\/\/www.pregnancychoices.org.au\/vi\/working-out-how-pregnant-you-are\/","title":{"rendered":"X\u00c1C \u0110\u1ecaNH T\u00ccNH TR\u1ea0NG THAI K\u1ef2"},"content":{"rendered":"<p>It is important to know how many weeks pregnant you are (pregnancy gestation). The first day of your last menstrual period is used to estimate how many weeks pregnant you are. For example, if it has been four weeks from the first day of your last period the pregnancy is at 4 weeks gestation. The most accurate way to know how pregnant you are is to have an ultrasound.<\/p>\n<p>Si\u00eau \u00e2m c\u00f3 th\u1ec3 cho qu\u00fd v\u1ecb bi\u1ebft tu\u1ed5i thai (theo tu\u1ea7n), t\u1eeb \u0111\u00f3 gi\u00fap qu\u00fd v\u1ecb hi\u1ec3u r\u00f5 v\u1ec1 c\u00e1c l\u1ef1a ch\u1ecdn khi mang thai.<\/p>\n<p class=\"translation-block\">H\u00e3y g\u1ecdi \u0111\u1ebfn \u0110\u01b0\u1eddng D\u00e2y H\u1ed7 Tr\u1ee3 V\u1ec1 C\u00e1c L\u1ef1a Ch\u1ecdn Khi Mang Thai  theo s\u1ed1 \u0111i\u1ec7n tho\u1ea1i <span><a href=\"tel:1800008463\" target=\"_self\"><strong>1800 008 463<\/strong><\/a><\/span> \u0111\u1ec3 t\u00ecm hi\u1ec3u c\u00e1c \u0111\u1ecba ch\u1ec9 x\u00e9t nghi\u1ec7m th\u1eed thai v\u00e0 si\u00eau \u00e2m.<\/p>","protected":false},"excerpt":{"rendered":"<p>It is important to know how many weeks pregnant you are (pregnancy gestation). The first day of your last menstrual period is used to estimate how many weeks pregnant you are. For example, if it has been four weeks from the first day of your last period the pregnancy is at 4 weeks gestation. The&hellip;&nbsp;<a href=\"https:\/\/www.pregnancychoices.org.au\/vi\/working-out-how-pregnant-you-are\/\" class=\"\" rel=\"bookmark\">\u0110\u1ecdc ti\u1ebfp &raquo;<span class=\"screen-reader-text\">X\u00c1C \u0110\u1ecaNH T\u00ccNH TR\u1ea0NG THAI K\u1ef2<\/span><\/a><\/p>","protected":false},"author":2,"featured_media":0,"parent":0,"menu_order":0,"comment_status":"closed","ping_status":"closed","template":"","meta":{"om_disable_all_campaigns":false,"_monsterinsights_skip_tracking":false,"_monsterinsights_sitenote_active":false,"_monsterinsights_sitenote_note":"","_monsterinsights_sitenote_category":0,"neve_meta_sidebar":"full-width","neve_meta_container":"","neve_meta_enable_content_width":"on","neve_meta_content_width":100,"neve_meta_title_alignment":"","neve_meta_author_avatar":"","neve_post_elements_order":"","neve_meta_disable_header":"","neve_meta_disable_footer":"","neve_meta_disable_title":"","footnotes":""},"class_list":["post-196","page","type-page","status-publish","hentry"],"aioseo_notices":[],"jetpack_sharing_enabled":true,"_links":{"self":[{"href":"https:\/\/www.pregnancychoices.org.au\/vi\/wp-json\/wp\/v2\/pages\/196","targetHints":{"allow":["GET"]}}],"collection":[{"href":"https:\/\/www.pregnancychoices.org.au\/vi\/wp-json\/wp\/v2\/pages"}],"about":[{"href":"https:\/\/www.pregnancychoices.org.au\/vi\/wp-json\/wp\/v2\/types\/page"}],"author":[{"embeddable":true,"href":"https:\/\/www.pregnancychoices.org.au\/vi\/wp-json\/wp\/v2\/users\/2"}],"replies":[{"embeddable":true,"href":"https:\/\/www.pregnancychoices.org.au\/vi\/wp-json\/wp\/v2\/comments?post=196"}],"version-history":[{"count":1,"href":"https:\/\/www.pregnancychoices.org.au\/vi\/wp-json\/wp\/v2\/pages\/196\/revisions"}],"predecessor-version":[{"id":197,"href":"https:\/\/www.pregnancychoices.org.au\/vi\/wp-json\/wp\/v2\/pages\/196\/revisions\/197"}],"wp:attachment":[{"href":"https:\/\/www.pregnancychoices.org.au\/vi\/wp-json\/wp\/v2\/media?parent=196"}],"curies":[{"name":"wp","href":"https:\/\/api.w.org\/{rel}","templated":true}]}}