{"id":20,"date":"2021-03-11T11:16:02","date_gmt":"2021-03-11T00:16:02","guid":{"rendered":"https:\/\/pregnancychoices.org.au\/?page_id=20"},"modified":"2021-11-16T15:17:25","modified_gmt":"2021-11-16T04:17:25","slug":"medical-abortion","status":"publish","type":"page","link":"https:\/\/www.pregnancychoices.org.au\/vi\/medical-abortion\/","title":{"rendered":"Ph\u00e1 thai N\u1ed9i khoa"},"content":{"rendered":"<p>Ph\u00e1 thai n\u1ed9i khoa l\u00e0 ph\u01b0\u01a1ng ph\u00e1p thay th\u1ebf cho ph\u00e1 thai ngo\u1ea1i khoa b\u1eb1ng c\u00e1ch s\u1eed d\u1ee5ng thu\u1ed1c \u0111\u1ec3 ch\u1ea5m d\u1ee9t thai k\u1ef3. Ph\u00e1 thai n\u1ed9i khoa c\u00f3 th\u1ec3 ti\u1ebfn h\u00e0nh t\u1ea1i nh\u00e0 v\u00e0 c\u00f3 th\u1ec3 \u00e1p d\u1ee5ng n\u1ebfu tu\u1ed5i thai d\u01b0\u1edbi 9 tu\u1ea7n.<\/p>\r\n<h2>TH\u1ee6 THU\u1eacT PH\u00c1 THAI S\u1ebc \u0110\u01af\u1ee2C TI\u1ebeN H\u00c0NH NH\u01af TH\u1ebe N\u00c0O?<\/h2>\r\n\r\n\r\n\r\n<p>\u0110\u1ec3 ph\u00e1 thai n\u1ed9i khoa, qu\u00fd v\u1ecb th\u01b0\u1eddng \u0111\u01b0\u1ee3c b\u00e1c s\u0129 h\u1eb9n kh\u00e1m hai l\u1ea7n. Trong l\u1ea7n kh\u00e1m \u0111\u1ea7u ti\u00ean, b\u00e1c s\u0129 s\u1ebd k\u00ea \u0111\u01a1n thu\u1ed1c v\u00e0 n\u00f3i cho qu\u00fd v\u1ecb bi\u1ebft qu\u00fd v\u1ecb c\u1ea7n u\u1ed1ng thu\u1ed1c khi n\u00e0o v\u00e0 ra sao. C\u00e1c lo\u1ea1i thu\u1ed1c \u0111\u01b0\u1ee3c k\u00ea l\u00e0 mifepristone v\u00e0 misoprostol.<\/p>\r\n<ul>\r\n<li class=\"translation-block\"><strong><span>B\u01b0\u1edbc 1:<\/span><\/strong><span><strong> U\u1ed1ng 1 vi\u00ean Mifepristone v\u1edbi m\u1ed9t ly n\u01b0\u1edbc nh\u01b0 b\u00ecnh th\u01b0\u1eddng.<\/strong> \nSau khi u\u1ed1ng vi\u00ean \u0111\u1ea7u ti\u00ean, c\u00f3 th\u1ec3 x\u1ea3y ra ch\u00fat t\u00ecnh tr\u1ea1ng ch\u1ea3y m\u00e1u ho\u1eb7c l\u1ea5m t\u1ea5m m\u00e1u. T\u00e1c d\u1ee5ng ph\u1ee5 c\u1ee7a mifepristone th\u01b0\u1eddng nh\u1eb9 v\u00e0 kh\u00f4ng k\u00e9o d\u00e0i l\u00e2u. H\u1ea7u h\u1ebft m\u1ecdi ng\u01b0\u1eddi v\u1eabn c\u00f3 th\u1ec3 th\u1ef1c hi\u1ec7n c\u00e1c ho\u1ea1t \u0111\u1ed9ng h\u00e0ng ng\u00e0y sau khi u\u1ed1ng thu\u1ed1c.<\/li>\r\n<li class=\"translation-block\"><strong><span>B\u01b0\u1edbc 2:<\/span><\/strong><span><strong> Ng\u1eadm 4 vi\u00ean misoprostol trong mi\u1ec7ng, trong v\u00f2ng 36-48 gi\u1edd sau khi u\u1ed1ng vi\u00ean \u0111\u1ea7u ti\u00ean (mifepristone).<\/strong> \nMisoprostol th\u01b0\u1eddng g\u00e2y co th\u1eaft t\u1eed cung, gi\u00fap c\u1ed5 t\u1eed cung m\u1edf nh\u1eb9 v\u00e0 l\u00e0m tr\u1ed1ng t\u1eed cung sau khi t\u1ed1ng thai nhi ra ngo\u00e0i. Sau khi u\u1ed1ng thu\u1ed1c, qu\u00fd v\u1ecb c\u00f3 th\u1ec3 b\u1eaft \u0111\u1ea7u b\u1ecb ch\u1ea3y m\u00e1u v\u00e0 co th\u1eaft t\u1eed cung trong v\u00f2ng 1-4 gi\u1edd. Do \u0111\u00f3, ch\u00fang t\u00f4i khuy\u1ebfn ngh\u1ecb qu\u00fd v\u1ecb n\u00ean u\u1ed1ng misoprostol v\u00e0o th\u1eddi \u0111i\u1ec3m m\u00e0 qu\u00fd v\u1ecb c\u00f3 th\u1ec3 \u1edf nh\u00e0 g\u1ea7n nh\u01b0 su\u1ed1t c\u1ea3 ng\u00e0y.<\/li>\r\n<\/ul>\r\n\r\n\r\n\r\n<p>Ng\u01b0\u1eddi cung c\u1ea5p d\u1ecbch v\u1ee5 y t\u1ebf s\u1ebd th\u1ea3o lu\u1eadn v\u1edbi qu\u00fd v\u1ecb nh\u1eefng g\u00ec c\u00f3 th\u1ec3 x\u1ea3y ra v\u00e0 cho qu\u00fd v\u1ecb s\u1ed1 \u0111i\u1ec7n tho\u1ea1i d\u1ecbch v\u1ee5 ch\u0103m s\u00f3c h\u1eadu \u0111i\u1ec1u tr\u1ecb trong 24 gi\u1edd. Qu\u00fd v\u1ecb s\u1ebd c\u1ea7n x\u00e9t nghi\u1ec7m m\u00e1u sau 7 ng\u00e0y u\u1ed1ng vi\u00ean thu\u1ed1c \u0111\u1ea7u ti\u00ean v\u00e0 qu\u00fd v\u1ecb c\u00f3 th\u1ec3 t\u00e1i kh\u00e1m sau khi u\u1ed1ng thu\u1ed1c t\u1eeb 14-21 ng\u00e0y \u0111\u1ec3 ki\u1ec3m tra xem th\u1ee7 thu\u1eadt ph\u00e1 thai \u0111\u00e3 ho\u00e0n t\u1ea5t hay ch\u01b0a.<\/p>\r\n<h2>C\u00c1C T\u00c1C D\u1ee4NG PH\u1ee4 C\u1ee6A PH\u00c1 THAI N\u1ed8I KHOA L\u00c0 G\u00cc?<\/h2>\r\n<p>H\u1ea7u h\u1ebft m\u1ecdi ng\u01b0\u1eddi \u0111\u1ec1u b\u1ecb ch\u1ea3y m\u00e1u ho\u1eb7c co th\u1eaft t\u1eed cung v\u1edbi m\u1ee9c \u0111\u1ed9 n\u1eb7ng \u2013 nh\u1eb9 kh\u00e1c nhau. T\u00ecnh tr\u1ea1ng co th\u1eaft t\u1eed cung th\u01b0\u1eddng k\u00e9o d\u00e0i kho\u1ea3ng 24 gi\u1edd nh\u01b0ng t\u00ecnh tr\u1ea1ng ch\u1ea3y m\u00e1u c\u00f3 th\u1ec3 k\u00e9o d\u00e0i 2 tu\u1ea7n ho\u1eb7c h\u01a1n. Khuy\u1ebfn ngh\u1ecb qu\u00fd v\u1ecb u\u1ed1ng thu\u1ed1c gi\u1ea3m \u0111au. Nh\u1edd ng\u01b0\u1eddi kh\u00e1c h\u1ed7 tr\u1ee3 qu\u00fd v\u1ecb t\u1ea1i nh\u00e0 c\u0169ng r\u1ea5t quan tr\u1ecdng.<\/p>\r\n<p>C\u00e1c t\u00e1c d\u1ee5ng ph\u1ee5 kh\u00e1c c\u00f3 th\u1ec3 bao g\u1ed3m:<\/p>\r\n\r\n\r\n\r\n<ul class=\"wp-block-list\">\r\n<li>s\u1ed1t<\/li>\r\n<li>\u1edbn l\u1ea1nh<\/li>\r\n<li>bu\u1ed3n n\u00f4n<\/li>\r\n<li>n\u00f4n m\u1eeda<\/li>\r\n<\/ul>\r\n\r\n\r\n\r\n<h2>T\u00d4I C\u00d3 TH\u1ec2 \u0110\u1eb6T L\u1ecaCH H\u1eb8N PH\u00c1 THAI N\u1ed8I KHOA NH\u01af TH\u1ebe N\u00c0O?<\/h2>\r\n\r\n\r\n\r\n<p class=\"translation-block\">N\u1ebfu qu\u00fd v\u1ecb c\u00f3 c\u00e2u h\u1ecfi th\u1eafc m\u1eafc v\u1ec1 quy tr\u00ecnh ph\u00e1 thai n\u1ed9i khoa, ho\u1eb7c mong mu\u1ed1n t\u00ecm hi\u1ec3u n\u01a1i c\u00f3 th\u1ec3 th\u1ef1c hi\u1ec7n th\u1ee7 thu\u1eadt n\u00e0y, xin vui l\u00f2ng g\u1ecdi \u0111\u1ebfn \u0110\u01b0\u1eddng D\u00e2y H\u1ed7 Tr\u1ee3 V\u1ec1 C\u00e1c L\u1ef1a Ch\u1ecdn Khi Mang Thai  theo s\u1ed1 \u0111i\u1ec7n tho\u1ea1i <span><a href=\"tel:1800008463\"><strong>1800 008 463<\/strong><\/a><\/span>.<\/p>","protected":false},"excerpt":{"rendered":"","protected":false},"author":1,"featured_media":0,"parent":0,"menu_order":0,"comment_status":"closed","ping_status":"closed","template":"","meta":{"om_disable_all_campaigns":false,"_monsterinsights_skip_tracking":false,"_monsterinsights_sitenote_active":false,"_monsterinsights_sitenote_note":"","_monsterinsights_sitenote_category":0,"neve_meta_sidebar":"","neve_meta_container":"","neve_meta_enable_content_width":"off","neve_meta_content_width":0,"neve_meta_title_alignment":"","neve_meta_author_avatar":"","neve_post_elements_order":"","neve_meta_disable_header":"","neve_meta_disable_footer":"","neve_meta_disable_title":"","footnotes":""},"class_list":["post-20","page","type-page","status-publish","hentry"],"aioseo_notices":[],"jetpack_sharing_enabled":true,"_links":{"self":[{"href":"https:\/\/www.pregnancychoices.org.au\/vi\/wp-json\/wp\/v2\/pages\/20","targetHints":{"allow":["GET"]}}],"collection":[{"href":"https:\/\/www.pregnancychoices.org.au\/vi\/wp-json\/wp\/v2\/pages"}],"about":[{"href":"https:\/\/www.pregnancychoices.org.au\/vi\/wp-json\/wp\/v2\/types\/page"}],"author":[{"embeddable":true,"href":"https:\/\/www.pregnancychoices.org.au\/vi\/wp-json\/wp\/v2\/users\/1"}],"replies":[{"embeddable":true,"href":"https:\/\/www.pregnancychoices.org.au\/vi\/wp-json\/wp\/v2\/comments?post=20"}],"version-history":[{"count":10,"href":"https:\/\/www.pregnancychoices.org.au\/vi\/wp-json\/wp\/v2\/pages\/20\/revisions"}],"predecessor-version":[{"id":421,"href":"https:\/\/www.pregnancychoices.org.au\/vi\/wp-json\/wp\/v2\/pages\/20\/revisions\/421"}],"wp:attachment":[{"href":"https:\/\/www.pregnancychoices.org.au\/vi\/wp-json\/wp\/v2\/media?parent=20"}],"curies":[{"name":"wp","href":"https:\/\/api.w.org\/{rel}","templated":true}]}}