{"id":215,"date":"2021-04-16T13:47:55","date_gmt":"2021-04-16T03:47:55","guid":{"rendered":"https:\/\/pregnancychoices.org.au\/?page_id=215"},"modified":"2025-01-06T13:32:34","modified_gmt":"2025-01-06T02:32:34","slug":"support-resources","status":"publish","type":"page","link":"https:\/\/www.pregnancychoices.org.au\/vi\/support-resources\/","title":{"rendered":"Ngu\u1ed3n l\u1ef1c h\u1ed7 tr\u1ee3"},"content":{"rendered":"<p>N\u1ebfu qu\u00fd v\u1ecb ho\u1eb7c ng\u01b0\u1eddi n\u00e0o \u0111\u00f3 m\u00e0 qu\u00fd v\u1ecb quen bi\u1ebft \u0111ang mang thai ngo\u00e0i \u00fd mu\u1ed1n, c\u00e1c ngu\u1ed3n t\u00e0i li\u1ec7u d\u01b0\u1edbi \u0111\u00e2y c\u00f3 th\u1ec3 gi\u00fap qu\u00fd v\u1ecb th\u1ef1c hi\u1ec7n c\u00e1c l\u1ef1a ch\u1ecdn c\u1ee7a m\u00ecnh.<\/p>\n<ul>\n<li>T\u1edd r\u01a1i \u0110\u01b0\u1eddng d\u00e2y tr\u1ee3 gi\u00fap v\u1ec1 C\u00e1c l\u1ef1a ch\u1ecdn khi mang thai<br \/>\n<a href=\"\/wp-content\/uploads\/2025\/01\/Pregnacy-Choices-Helpline-Flyer-V4_2024.pdf\" target=\"_blank\" rel=\"noopener\">Website T\u1edd r\u01a1i<\/a> | <a href=\"\/wp-content\/uploads\/2025\/01\/Pregnacy-Choices-Helpline-Flyer-V4_2024.pdf\" target=\"_blank\" rel=\"noopener\">in chuy\u00ean nghi\u1ec7p<\/a> | <a href=\"\/wp-content\/uploads\/2025\/01\/Pregnacy-Choices-Helpline-Flyer-V4_2024.pdf\" target=\"_blank\" rel=\"noopener\">in t\u1ea1i gia<\/a><\/li>\n<li><a href=\"\/wp-content\/uploads\/2021\/11\/Pregnancy_Options_Book_A5-2021-SEARCH_VIE.pdf\" target=\"_blank\" rel=\"noopener\">H\u01b0\u1edbng d\u1eabn c\u00e1c L\u1ef1a ch\u1ecdn Mang thai<\/a><br \/>\n<a href=\"\/wp-content\/uploads\/2021\/11\/Pregnancy_Options_Book_A5-2021-SEARCH_ARA.pdf\" target=\"_blank\" rel=\"noopener\">Ti\u1ebfng \u1ea2 R\u1eadp<\/a> | <a href=\"\/wp-content\/uploads\/2021\/11\/Pregnancy_Options_Book_A5-2021_SEARCH_ASS.pdf\" target=\"_blank\" rel=\"noopener\">Ti\u1ebfng Assyria<\/a> | <a href=\"\/wp-content\/uploads\/2021\/11\/Pregnancy_Options_Book_A5-2021-SEARCH_CHISIM.pdf\" target=\"_blank\" rel=\"noopener\">Ti\u1ebfng Trung<\/a> | <a href=\"\/wp-content\/uploads\/2021\/11\/Pregnancy_Options_Book_A5-2021-SEARCH_DAR.pdf\" target=\"_blank\" rel=\"noopener\">Ti\u1ebfng Dari<\/a> | <a href=\"\/wp-content\/uploads\/2021\/11\/Pregnancy_Options_Book_A5-2021-SEARCH_FAR.pdf\" target=\"_blank\" rel=\"noopener\">Ti\u1ebfng Farsi<\/a> | <a href=\"\/wp-content\/uploads\/2021\/11\/Pregnancy_Options_Book_A5-2021-SEARCH_KHM.pdf\" target=\"_blank\" rel=\"noopener\">Ti\u1ebfng Khmer<\/a> | <a href=\"\/wp-content\/uploads\/2021\/11\/Pregnancy_Options_Book_A5-2021-SEARCH_KOR.pdf\" target=\"_blank\" rel=\"noopener\">Ti\u1ebfng H\u00e0n<\/a> | <a href=\"\/wp-content\/uploads\/2021\/11\/Pregnancy_Options_Book_A5-2021-SEARCH_TAMIL.pdf\" target=\"_blank\" rel=\"noopener\">Ti\u1ebfng Tamil<\/a> | <a href=\"\/wp-content\/uploads\/2021\/11\/Pregnancy_Options_Book_A5-2021-SEARCH_THA.pdf\" target=\"_blank\" rel=\"noopener\">Ti\u1ebfng Th\u00e1i<\/a> | <a href=\"\/wp-content\/uploads\/2021\/11\/Pregnancy_Options_Book_A5-2021-SEARCH_VIE.pdf\" target=\"_blank\" rel=\"noopener\">Ti\u1ebfng Vi\u1ec7t<\/a><\/li>\n<li><a href=\"\/wp-content\/uploads\/2021\/11\/Client-Factsheets-Comparison-table_STOP-v-MTOP_VIE.pdf\" target=\"_blank\" rel=\"noopener\">B\u1ea3ng so s\u00e1nh Ph\u00e1 thai n\u1ed9i khoa v\u00e0 Ph\u00e1 thai ngo\u1ea1i khoa<\/a><br \/>\n<a href=\"\/wp-content\/uploads\/2021\/11\/Client-Factsheets-Comparison-table_STOP-v-MTOP_ARA.pdf\" target=\"_blank\" rel=\"noopener\">Ti\u1ebfng \u1ea2 R\u1eadp<\/a> | <a href=\"\/wp-content\/uploads\/2021\/11\/Client-Factsheets-Comparison-table_STOP-v-MTOP_ASS.pdf\" target=\"_blank\" rel=\"noopener\">Ti\u1ebfng Assyria<\/a> | <a href=\"\/wp-content\/uploads\/2021\/11\/Client-Factsheets-Comparison-table_STOP-v-MTOP_CHISIM.pdf\" target=\"_blank\" rel=\"noopener\">Ti\u1ebfng Trung<\/a> | <a href=\"\/wp-content\/uploads\/2021\/11\/Client-Factsheets-Comparison-table_STOP-v-MTOP_DAR.pdf\" target=\"_blank\" rel=\"noopener\">Ti\u1ebfng Dari<\/a> | <a href=\"\/wp-content\/uploads\/2021\/11\/Client-Factsheets-Comparison-table_STOP-v-MTOP_FAR.pdf\" target=\"_blank\" rel=\"noopener\">Ti\u1ebfng Farsi<\/a> | <a href=\"\/wp-content\/uploads\/2021\/11\/Client-Factsheets-Comparison-table_STOP-v-MTOP_KHM.pdf\" target=\"_blank\" rel=\"noopener\">Ti\u1ebfng Khmer<\/a> | <a href=\"\/wp-content\/uploads\/2021\/11\/Client-Factsheets-Comparison-table_STOP-v-MTOP_KOR.pdf\" target=\"_blank\" rel=\"noopener\">Ti\u1ebfng H\u00e0n<\/a> | <a href=\"\/wp-content\/uploads\/2021\/11\/Client-Factsheets-Comparison-table_STOP-v-MTOP_TAM.pdf\" target=\"_blank\" rel=\"noopener\">Ti\u1ebfng Tamil<\/a> | <a href=\"\/wp-content\/uploads\/2021\/11\/Client-Factsheets-Comparison-table_STOP-v-MTOP_THA.pdf\" target=\"_blank\" rel=\"noopener\">Ti\u1ebfng Th\u00e1i<\/a> | <a href=\"\/wp-content\/uploads\/2021\/11\/Client-Factsheets-Comparison-table_STOP-v-MTOP_VIE.pdf\" target=\"_blank\" rel=\"noopener\">Ti\u1ebfng Vi\u1ec7t<\/a><\/li>\n<li><a href=\"\/wp-content\/uploads\/2021\/11\/Things-to-consider_VIET.pdf\" target=\"_blank\" rel=\"noopener\">Nh\u1eefng \u0111i\u1ec1u c\u1ea7n xem x\u00e9t (PDF)<\/a><br \/>\n<a href=\"https:\/\/pregnancychoices.org.au\/wp-content\/uploads\/2021\/11\/Things-to-consider_ARABIC-1.pdf\" target=\"_blank\" rel=\"noopener\">Ti\u1ebfng \u1ea2 R\u1eadp<\/a> | <a href=\"https:\/\/pregnancychoices.org.au\/wp-content\/uploads\/2021\/11\/Things-to-consider_ASS.pdf\" target=\"_blank\" rel=\"noopener\">Ti\u1ebfng Assyria<\/a> | <a href=\"\/wp-content\/uploads\/2021\/11\/Things-to-consider_CHISIM.pdf\" target=\"_blank\" rel=\"noopener\">Ti\u1ebfng Trung<\/a> | <a href=\"\/wp-content\/uploads\/2021\/11\/Things-to-consider_DARI.pdf\" target=\"_blank\" rel=\"noopener\">Ti\u1ebfng Dari<\/a> | <a href=\"\/wp-content\/uploads\/2021\/11\/Things-to-consider_FARSI.pdf\" target=\"_blank\" rel=\"noopener\">Ti\u1ebfng Farsi<\/a> | <a href=\"\/wp-content\/uploads\/2021\/11\/Things-to-consider_KHMER.pdf\" target=\"_blank\" rel=\"noopener\">Ti\u1ebfng Khmer<\/a> | <a href=\"\/wp-content\/uploads\/2021\/11\/Things-to-consider_KOREAN.pdf\" target=\"_blank\" rel=\"noopener\">Ti\u1ebfng H\u00e0n<\/a> | <a href=\"\/wp-content\/uploads\/2021\/11\/Things-to-consider_TAMIL.pdf\" target=\"_blank\" rel=\"noopener\">Ti\u1ebfng Tamil<\/a> | <a href=\"\/wp-content\/uploads\/2021\/11\/Things-to-consider_THAI.pdf\" target=\"_blank\" rel=\"noopener\">Ti\u1ebfng Th\u00e1i<\/a> | <a href=\"\/wp-content\/uploads\/2021\/11\/Things-to-consider_VIET.pdf\" target=\"_blank\" rel=\"noopener\">Ti\u1ebfng Vi\u1ec7t<\/a><\/li>\n<li><a href=\"\/wp-content\/uploads\/2021\/11\/Relationships-and-support-networks_VIET.pdf\" target=\"_blank\" rel=\"noopener\">C\u00e1c m\u1ed1i quan h\u1ec7 v\u00e0 m\u1ea1ng l\u01b0\u1edbi h\u1ed7 tr\u1ee3 (PDF)<\/a><br \/>\n<a href=\"\/wp-content\/uploads\/2021\/11\/Relationships-and-support-networks_ARA.pdf\" target=\"_blank\" rel=\"noopener\">Ti\u1ebfng \u1ea2 R\u1eadp<\/a> | <a href=\"\/wp-content\/uploads\/2021\/11\/Relationships-and-support-networks_ASS.pdf\" target=\"_blank\" rel=\"noopener\">Ti\u1ebfng Assyria<\/a> | <a href=\"\/wp-content\/uploads\/2021\/11\/Relationships-and-support-networks_CHISIM.pdf\" target=\"_blank\" rel=\"noopener\">Ti\u1ebfng Trung<\/a> | <a href=\"\/wp-content\/uploads\/2021\/11\/Relationships-and-support-networks_DARI.pdf\" target=\"_blank\" rel=\"noopener\">Ti\u1ebfng Dari<\/a> | <a href=\"\/wp-content\/uploads\/2021\/11\/Relationships-and-support-networks_FARSI.pdf\" target=\"_blank\" rel=\"noopener\">Ti\u1ebfng Farsi<\/a> | <a href=\"\/wp-content\/uploads\/2021\/11\/Relationships-and-support-networks_KHMER.pdf\" target=\"_blank\" rel=\"noopener\">Ti\u1ebfng Khmer<\/a> | <a href=\"\/wp-content\/uploads\/2021\/11\/Relationships-and-support-networks_KOREAN.pdf\" target=\"_blank\" rel=\"noopener\">Ti\u1ebfng H\u00e0n<\/a> | <a href=\"\/wp-content\/uploads\/2021\/11\/Relationships-and-support-networks_TAMIL.pdf\" target=\"_blank\" rel=\"noopener\">Ti\u1ebfng Tamil<\/a> | <a href=\"\/wp-content\/uploads\/2021\/11\/Relationships-and-support-networks_THAI.pdf\" target=\"_blank\" rel=\"noopener\">Ti\u1ebfng Th\u00e1i<\/a> | <a href=\"\/wp-content\/uploads\/2021\/11\/Relationships-and-support-networks_VIET.pdf\" target=\"_blank\" rel=\"noopener\">Ti\u1ebfng Vi\u1ec7t<\/a><\/li>\n<li><a href=\"\/wp-content\/uploads\/2021\/11\/Weighing-it-all-up_VIET.pdf\" target=\"_blank\" rel=\"noopener\">B\u1ea3ng h\u01b0\u1edbng d\u1eabn c\u00e2n nh\u1eafc l\u1ee3i \u2013 h\u1ea1i<\/a><br \/>\n<a href=\"https:\/\/pregnancychoices.org.au\/wp-content\/uploads\/2021\/11\/Weighing-it-all-up_ARABIC.pdf\" target=\"_blank\" rel=\"noopener\">Ti\u1ebfng \u1ea2 R\u1eadp<\/a> | <a href=\"https:\/\/pregnancychoices.org.au\/wp-content\/uploads\/2021\/11\/Weighing-it-all-up_ASS.pdf\" target=\"_blank\" rel=\"noopener\">Ti\u1ebfng Assyria<\/a> | <a href=\"\/wp-content\/uploads\/2021\/11\/Weighing-it-all-up_CHISIM.pdf\" target=\"_blank\" rel=\"noopener\">Ti\u1ebfng Trung<\/a> | <a href=\"\/wp-content\/uploads\/2021\/11\/Weighing-it-all-up_DARI.pdf\" target=\"_blank\" rel=\"noopener\">Ti\u1ebfng Dari<\/a> | <a href=\"\/wp-content\/uploads\/2021\/11\/Weighing-it-all-up_FARSI.pdf\" target=\"_blank\" rel=\"noopener\">Ti\u1ebfng Farsi<\/a> | <a href=\"\/wp-content\/uploads\/2021\/11\/Weighing-it-all-up_KHMER.pdf\" target=\"_blank\" rel=\"noopener\">Ti\u1ebfng Khmer<\/a> | <a href=\"\/wp-content\/uploads\/2021\/11\/Weighing-it-all-up_KOREAN.pdf\" target=\"_blank\" rel=\"noopener\">Ti\u1ebfng H\u00e0n<\/a> | <a href=\"\/wp-content\/uploads\/2021\/11\/Weighing-it-all-up_TAMIL.pdf\" target=\"_blank\" rel=\"noopener\">Ti\u1ebfng Tamil<\/a> | <a href=\"\/wp-content\/uploads\/2021\/11\/Weighing-it-all-up_THAI.pdf\" target=\"_blank\" rel=\"noopener\">Ti\u1ebfng Th\u00e1i<\/a> | <a href=\"\/wp-content\/uploads\/2021\/11\/Weighing-it-all-up_VIET.pdf\" target=\"_blank\" rel=\"noopener\">Ti\u1ebfng Vi\u1ec7t<\/a><\/li>\n<li><a href=\"https:\/\/www.health.nsw.gov.au\/women\/pregnancyoptions\/Pages\/legislation.aspx\" target=\"_blank\" rel=\"noopener\">Lu\u1eadt ph\u00e1 thai \u1edf NSW<\/a><\/li>\n<\/ul>","protected":false},"excerpt":{"rendered":"<p>If you, or someone you know, are experiencing an unplanned pregnancy, the below resources can help you work through your options. Pregnancy Choices Helpline Flyer web | professional print | in-house print Pregnancy Options Booklet Arabic | Assyrian | Chinese | Dari | Farsi | Khmer | Korean | Tamil | Thai | Vietnamese Medical&hellip;&nbsp;<a href=\"https:\/\/www.pregnancychoices.org.au\/vi\/support-resources\/\" class=\"\" rel=\"bookmark\">\u0110\u1ecdc ti\u1ebfp &raquo;<span class=\"screen-reader-text\">Ngu\u1ed3n l\u1ef1c h\u1ed7 tr\u1ee3<\/span><\/a><\/p>","protected":false},"author":2,"featured_media":0,"parent":0,"menu_order":0,"comment_status":"closed","ping_status":"closed","template":"","meta":{"om_disable_all_campaigns":false,"_monsterinsights_skip_tracking":false,"_monsterinsights_sitenote_active":false,"_monsterinsights_sitenote_note":"","_monsterinsights_sitenote_category":0,"neve_meta_sidebar":"","neve_meta_container":"","neve_meta_enable_content_width":"off","neve_meta_content_width":100,"neve_meta_title_alignment":"","neve_meta_author_avatar":"","neve_post_elements_order":"","neve_meta_disable_header":"","neve_meta_disable_footer":"","neve_meta_disable_title":"","footnotes":""},"class_list":["post-215","page","type-page","status-publish","hentry"],"aioseo_notices":[],"jetpack_sharing_enabled":true,"_links":{"self":[{"href":"https:\/\/www.pregnancychoices.org.au\/vi\/wp-json\/wp\/v2\/pages\/215","targetHints":{"allow":["GET"]}}],"collection":[{"href":"https:\/\/www.pregnancychoices.org.au\/vi\/wp-json\/wp\/v2\/pages"}],"about":[{"href":"https:\/\/www.pregnancychoices.org.au\/vi\/wp-json\/wp\/v2\/types\/page"}],"author":[{"embeddable":true,"href":"https:\/\/www.pregnancychoices.org.au\/vi\/wp-json\/wp\/v2\/users\/2"}],"replies":[{"embeddable":true,"href":"https:\/\/www.pregnancychoices.org.au\/vi\/wp-json\/wp\/v2\/comments?post=215"}],"version-history":[{"count":19,"href":"https:\/\/www.pregnancychoices.org.au\/vi\/wp-json\/wp\/v2\/pages\/215\/revisions"}],"predecessor-version":[{"id":531,"href":"https:\/\/www.pregnancychoices.org.au\/vi\/wp-json\/wp\/v2\/pages\/215\/revisions\/531"}],"wp:attachment":[{"href":"https:\/\/www.pregnancychoices.org.au\/vi\/wp-json\/wp\/v2\/media?parent=215"}],"curies":[{"name":"wp","href":"https:\/\/api.w.org\/{rel}","templated":true}]}}