{"id":219,"date":"2021-04-16T14:11:41","date_gmt":"2021-04-16T04:11:41","guid":{"rendered":"https:\/\/pregnancychoices.org.au\/?page_id=219"},"modified":"2021-04-22T16:22:52","modified_gmt":"2021-04-22T06:22:52","slug":"contact-us","status":"publish","type":"page","link":"https:\/\/www.pregnancychoices.org.au\/vi\/contact-us\/","title":{"rendered":"LI\u00caN H\u1ec6"},"content":{"rendered":"<p>\u0110\u01b0\u1eddng D\u00e2y H\u1ed7 Tr\u1ee3 V\u1ec1 C\u00e1c L\u1ef1a Ch\u1ecdn Khi Mang Thai  \u0111\u01b0\u1ee3c \u0111i\u1ec1u h\u00e0nh b\u1edfi Ban k\u1ebf ho\u1ea1ch h\u00f3a gia \u0111\u00ecnh NSW v\u1edbi s\u1ef1 t\u00e0i tr\u1ee3 c\u1ee7a B\u1ed9 Y t\u1ebf NSW.<\/p>\n<p>H\u00e3y gi\u00fap ch\u00fang t\u00f4i ti\u1ebfp t\u1ee5c c\u1ea3i thi\u1ec7n \u0110\u01b0\u1eddng D\u00e2y H\u1ed7 Tr\u1ee3 V\u1ec1 C\u00e1c L\u1ef1a Ch\u1ecdn Khi Mang Thai  b\u1eb1ng c\u00e1ch ph\u1ea3n h\u1ed3i v\u1ec1 ch\u1ea5t l\u01b0\u1ee3ng d\u1ecbch v\u1ee5 c\u1ee7a ch\u00fang t\u00f4i. Xin vui l\u00f2ng g\u1eedi ph\u1ea3n h\u1ed3i c\u1ee7a qu\u00fd v\u1ecb \u0111\u1ebfn \u0111\u1ecba ch\u1ec9 email [FEEDBACK EMAIL]. M\u1ecdi th\u00f4ng tin ph\u1ea3n h\u1ed3i \u0111\u1ec1u \u0111\u01b0\u1ee3c gi\u1eef ri\u00eang t\u01b0 v\u00e0 b\u1ea3o m\u1eadt. <a href=\"mailto:feedback@pregnancychoices.org.au\">feedback@pregnancychoices.org.au<\/a>M\u1ecdi th\u00f4ng tin ph\u1ea3n h\u1ed3i \u0111\u1ec1u \u0111\u01b0\u1ee3c gi\u1eef ri\u00eang t\u01b0 v\u00e0 b\u1ea3o m\u1eadt.<\/p>\n<p class=\"translation-block\">N\u1ebfu qu\u00fd v\u1ecb mu\u1ed1n li\u00ean h\u1ec7 v\u1edbi Ban k\u1ebf ho\u1ea1ch h\u00f3a gia \u0111\u00ecnh NSW v\u1ec1 b\u1ea5t k\u1ef3 v\u1ea5n \u0111\u1ec1 n\u00e0o kh\u00e1c, xin vui l\u00f2ng g\u1eedi mail t\u1edbi \u0111\u1ecba ch\u1ec9 <a href=\"mailto:info@pregnancychoices.org.au\" target=\"_self\">info@pregnancychoices.org.au<\/a><\/p>","protected":false},"excerpt":{"rendered":"<p>The Pregnancy Choices Helpline is operated by Family Planning NSW with funding from NSW Health. Help us to continue to improve the Pregnancy Choices Helpline by offering feedback on our service. Email you feedback to . All feedback provided is private and confidential. If you would like to contact Pregnancy Choices Helpline, please email .<\/p>","protected":false},"author":2,"featured_media":0,"parent":0,"menu_order":0,"comment_status":"closed","ping_status":"closed","template":"","meta":{"om_disable_all_campaigns":false,"_monsterinsights_skip_tracking":false,"_monsterinsights_sitenote_active":false,"_monsterinsights_sitenote_note":"","_monsterinsights_sitenote_category":0,"neve_meta_sidebar":"full-width","neve_meta_container":"","neve_meta_enable_content_width":"on","neve_meta_content_width":100,"neve_meta_title_alignment":"","neve_meta_author_avatar":"","neve_post_elements_order":"","neve_meta_disable_header":"","neve_meta_disable_footer":"","neve_meta_disable_title":"","footnotes":""},"class_list":["post-219","page","type-page","status-publish","hentry"],"aioseo_notices":[],"jetpack_sharing_enabled":true,"_links":{"self":[{"href":"https:\/\/www.pregnancychoices.org.au\/vi\/wp-json\/wp\/v2\/pages\/219","targetHints":{"allow":["GET"]}}],"collection":[{"href":"https:\/\/www.pregnancychoices.org.au\/vi\/wp-json\/wp\/v2\/pages"}],"about":[{"href":"https:\/\/www.pregnancychoices.org.au\/vi\/wp-json\/wp\/v2\/types\/page"}],"author":[{"embeddable":true,"href":"https:\/\/www.pregnancychoices.org.au\/vi\/wp-json\/wp\/v2\/users\/2"}],"replies":[{"embeddable":true,"href":"https:\/\/www.pregnancychoices.org.au\/vi\/wp-json\/wp\/v2\/comments?post=219"}],"version-history":[{"count":3,"href":"https:\/\/www.pregnancychoices.org.au\/vi\/wp-json\/wp\/v2\/pages\/219\/revisions"}],"predecessor-version":[{"id":268,"href":"https:\/\/www.pregnancychoices.org.au\/vi\/wp-json\/wp\/v2\/pages\/219\/revisions\/268"}],"wp:attachment":[{"href":"https:\/\/www.pregnancychoices.org.au\/vi\/wp-json\/wp\/v2\/media?parent=219"}],"curies":[{"name":"wp","href":"https:\/\/api.w.org\/{rel}","templated":true}]}}