{"id":22,"date":"2021-03-11T11:16:20","date_gmt":"2021-03-11T00:16:20","guid":{"rendered":"https:\/\/pregnancychoices.org.au\/?page_id=22"},"modified":"2021-09-01T17:00:27","modified_gmt":"2021-09-01T07:00:27","slug":"pregnancy-choices","status":"publish","type":"page","link":"https:\/\/www.pregnancychoices.org.au\/vi\/pregnancy-choices\/","title":{"rendered":"C\u00e1c L\u1ef1a Ch\u1ecdn Khi Mang Thai"},"content":{"rendered":"<p>N\u1ebfu qu\u00fd v\u1ecb mang thai ngo\u00e0i \u00fd mu\u1ed1n, qu\u00fd v\u1ecb n\u00ean d\u00e0nh th\u1eddi gian t\u00ecm hi\u1ec3u c\u00e1c l\u1ef1a ch\u1ecdn s\u1eb5n c\u00f3 v\u00e0 quy\u1ebft \u0111\u1ecbnh xem \u0111\u00e2u l\u00e0 l\u1ef1a ch\u1ecdn ph\u00f9 h\u1ee3p nh\u1ea5t \u0111\u1ed1i v\u1edbi ho\u00e0n c\u1ea3nh hi\u1ec7n t\u1ea1i c\u1ee7a m\u00ecnh.<\/p>\r\n\r\n\r\n\r\n<p>C\u00e1c l\u1ef1a ch\u1ecdn n\u00e0y c\u00f3 th\u1ec3 bao g\u1ed3m:<\/p>\r\n<ul>\r\n<li><a href=\"\/vi\/choosing-to-parent\/\">l\u00e0m m\u1eb9<\/a><\/li>\r\n<li><a href=\"\/vi\/adoption-or-foster-care\/\">cho con nu\u00f4i ho\u1eb7c ch\u0103m s\u00f3c b\u1ea3o tr\u1ee3<\/a><\/li>\r\n<li><a href=\"\/vi\/abortion\/\">ph\u00e1 thai<\/a><\/li>\r\n<\/ul>\r\n\r\n\r\n\r\n<p>Qu\u00fd v\u1ecb n\u00ean t\u00ednh \u0111\u1ebfn ho\u00e0n c\u1ea3nh b\u1ea3n th\u00e2n, ngu\u1ed3n h\u1ed7 tr\u1ee3 s\u1eb5n c\u00f3, v\u00e0 tu\u1ed5i thai (theo tu\u1ea7n) trong khi c\u00e2n nh\u1eafc \u0111\u01b0a ra quy\u1ebft \u0111\u1ecbnh \u0111\u00e2u l\u00e0 l\u1ef1a ch\u1ecdn ph\u00f9 h\u1ee3p nh\u1ea5t v\u1edbi m\u00ecnh.<\/p>\r\n\r\n\r\n\r\n<p class=\"translation-block\">T\u00e2m s\u1ef1 v\u1edbi ng\u01b0\u1eddi m\u00e0 qu\u00fd v\u1ecb bi\u1ebft v\u00e0 tin t\u01b0\u1edfng c\u00f3 th\u1ec3 gi\u00fap \u00edch cho qu\u00fd v\u1ecb. \u0110\u00f4i khi, n\u00f3i chuy\u1ec7n v\u1edbi chuy\u00ean vi\u00ean y t\u1ebf c\u0169ng c\u00f3 \u00edch. N\u1ebfu qu\u00fd v\u1ecb c\u1ea7n ai \u0111\u00f3 \u0111\u1ec3 tr\u00f2 chuy\u1ec7n, qu\u00fd v\u1ecb c\u00f3 th\u1ec3 g\u1ecdi \u0111\u1ebfn \u0110\u01b0\u1eddng D\u00e2y H\u1ed7 Tr\u1ee3 V\u1ec1 C\u00e1c L\u1ef1a Ch\u1ecdn Khi Mang Thai  theo s\u1ed1 \u0111i\u1ec7n tho\u1ea1i 1800 008 463 \u0111\u1ec3 trao \u0111\u1ed5i v\u1edbi m\u1ed9t trong c\u00e1c chuy\u00ean vi\u00ean y t\u1ebf c\u1ee7a ch\u00fang t\u00f4i.<\/p>\r\n\r\n\r\n\r\n<p>&nbsp;<\/p>","protected":false},"excerpt":{"rendered":"<p>If you have an unplanned pregnancy, it is important that you take time to understand the choices available to you and make a decision that best suits your current situation. Your options may include: choosing to parent adoption or foster care abortion When you are making the decision on what choice best suits you, it&hellip;&nbsp;<a href=\"https:\/\/www.pregnancychoices.org.au\/vi\/pregnancy-choices\/\" class=\"\" rel=\"bookmark\">\u0110\u1ecdc ti\u1ebfp &raquo;<span class=\"screen-reader-text\">C\u00e1c L\u1ef1a Ch\u1ecdn Khi Mang Thai<\/span><\/a><\/p>","protected":false},"author":1,"featured_media":0,"parent":0,"menu_order":0,"comment_status":"closed","ping_status":"closed","template":"","meta":{"om_disable_all_campaigns":false,"_monsterinsights_skip_tracking":false,"_monsterinsights_sitenote_active":false,"_monsterinsights_sitenote_note":"","_monsterinsights_sitenote_category":0,"neve_meta_sidebar":"","neve_meta_container":"","neve_meta_enable_content_width":"off","neve_meta_content_width":0,"neve_meta_title_alignment":"","neve_meta_author_avatar":"","neve_post_elements_order":"","neve_meta_disable_header":"","neve_meta_disable_footer":"","neve_meta_disable_title":"","footnotes":""},"class_list":["post-22","page","type-page","status-publish","hentry"],"aioseo_notices":[],"jetpack_sharing_enabled":true,"_links":{"self":[{"href":"https:\/\/www.pregnancychoices.org.au\/vi\/wp-json\/wp\/v2\/pages\/22","targetHints":{"allow":["GET"]}}],"collection":[{"href":"https:\/\/www.pregnancychoices.org.au\/vi\/wp-json\/wp\/v2\/pages"}],"about":[{"href":"https:\/\/www.pregnancychoices.org.au\/vi\/wp-json\/wp\/v2\/types\/page"}],"author":[{"embeddable":true,"href":"https:\/\/www.pregnancychoices.org.au\/vi\/wp-json\/wp\/v2\/users\/1"}],"replies":[{"embeddable":true,"href":"https:\/\/www.pregnancychoices.org.au\/vi\/wp-json\/wp\/v2\/comments?post=22"}],"version-history":[{"count":10,"href":"https:\/\/www.pregnancychoices.org.au\/vi\/wp-json\/wp\/v2\/pages\/22\/revisions"}],"predecessor-version":[{"id":348,"href":"https:\/\/www.pregnancychoices.org.au\/vi\/wp-json\/wp\/v2\/pages\/22\/revisions\/348"}],"wp:attachment":[{"href":"https:\/\/www.pregnancychoices.org.au\/vi\/wp-json\/wp\/v2\/media?parent=22"}],"curies":[{"name":"wp","href":"https:\/\/api.w.org\/{rel}","templated":true}]}}