{"id":221,"date":"2021-04-16T14:14:57","date_gmt":"2021-04-16T04:14:57","guid":{"rendered":"https:\/\/pregnancychoices.org.au\/?page_id=221"},"modified":"2023-05-03T11:34:43","modified_gmt":"2023-05-03T01:34:43","slug":"about-us","status":"publish","type":"page","link":"https:\/\/www.pregnancychoices.org.au\/vi\/about-us\/","title":{"rendered":"GI\u1edaI THI\u1ec6U"},"content":{"rendered":"<p>\u0110\u01b0\u1eddng D\u00e2y H\u1ed7 Tr\u1ee3 V\u1ec1 C\u00e1c L\u1ef1a Ch\u1ecdn Khi Mang Thai  \u0111\u01b0\u1ee3c \u0111i\u1ec1u h\u00e0nh b\u1edfi Ban k\u1ebf ho\u1ea1ch h\u00f3a gia \u0111\u00ecnh NSW v\u1edbi s\u1ef1 t\u00e0i tr\u1ee3 c\u1ee7a B\u1ed9 Y t\u1ebf NSW.<\/p>\n<p>Ban k\u1ebf ho\u1ea1ch h\u00f3a gia \u0111\u00ecnh NSW l\u00e0 nh\u00e0 cung c\u1ea5p h\u00e0ng \u0111\u1ea7u c\u00e1c d\u1ecbch v\u1ee5 ch\u0103m s\u00f3c s\u1ee9c kh\u1ecfe sinh s\u1ea3n v\u00e0 s\u1ee9c kh\u1ecfe t\u00ecnh d\u1ee5c \u1edf NSW v\u00e0 \u00dac. S\u1ee9 m\u1ec7nh c\u1ee7a ch\u00fang t\u00f4i l\u00e0 n\u00e2ng cao s\u1ee9c kh\u1ecfe sinh s\u1ea3n v\u00e0 s\u1ee9c kh\u1ecfe t\u00ecnh d\u1ee5c, c\u0169ng nh\u01b0 quy\u1ec1n l\u1ee3i c\u1ee7a c\u1ed9ng \u0111\u1ed3ng, b\u1eb1ng c\u00e1ch h\u1ed7 tr\u1ee3 to\u00e0n th\u1ec3 ng\u01b0\u1eddi d\u00e2n quy\u1ec1n t\u1ef1 ch\u1ee7 v\u00e0 t\u1ef1 do quy\u1ebft \u0111\u1ecbnh t\u1ea5t c\u1ea3 c\u00e1c v\u1ea5n \u0111\u1ec1 li\u00ean quan \u0111\u1ebfn s\u1ee9c kh\u1ecfe sinh s\u1ea3n v\u00e0 s\u1ee9c kh\u1ecfe t\u00ecnh d\u1ee5c trong su\u1ed1t cu\u1ed9c \u0111\u1eddi h\u1ecd.<\/p>\n<h2>CH\u00cdNH S\u00c1CH B\u1ea2O M\u1eacT<\/h2>\n<p class=\"translation-block\">Ban k\u1ebf ho\u1ea1ch h\u00f3a gia \u0111\u00ecnh NSW cam k\u1ebft b\u1ea3o v\u1ec7 quy\u1ec1n ri\u00eang t\u01b0 v\u00e0 x\u1eed l\u00fd th\u00f4ng tin c\u00e1 nh\u00e2n c\u1ee7a qu\u00fd v\u1ecb m\u1ed9t c\u00e1ch c\u00f3 tr\u00e1ch nhi\u1ec7m theo \u0110\u1ea1o lu\u1eadt B\u1ea3o v\u1ec7 Quy\u1ec1n ri\u00eang t\u01b0 1988 (Cth), \u0110\u1ea1o lu\u1eadt S\u1eeda \u0111\u1ed5i Quy\u1ec1n ri\u00eang t\u01b0 (T\u0103ng c\u01b0\u1eddng b\u1ea3o v\u1ec7 quy\u1ec1n ri\u00eang t\u01b0) 2012, B\u1ed9 Quy t\u1eafc Quy\u1ec1n ri\u00eang t\u01b0 c\u1ee7a \u00dac v\u00e0 c\u00e1c lu\u1eadt li\u00ean quan v\u1ec1 quy\u1ec1n ri\u00eang t\u01b0 c\u1ee7a NSW v\u00e0 c\u00e1c quy \u0111\u1ecbnh (\u0111\u01b0\u1ee3c g\u1ecdi l\u00e0 lu\u1eadt v\u1ec1 quy\u1ec1n ri\u00eang t\u01b0). \u0110\u1ec3 bi\u1ebft th\u00eam th\u00f4ng tin v\u1ec1 c\u00e1ch Ban k\u1ebf ho\u1ea1ch h\u00f3a gia \u0111\u00ecnh NSW x\u1eed l\u00fd th\u00f4ng tin c\u00e1 nh\u00e2n, h\u00e3y xem Ch\u00ednh s\u00e1ch v\u1ec1 Quy\u1ec1n ri\u00eang t\u01b0 c\u1ee7a Ban k\u1ebf ho\u1ea1ch h\u00f3a gia \u0111\u00ecnh NSW.<\/p>\n<h2>S\u1eec D\u1ee4NG V\u00c0 TI\u1ebeT L\u1ed8<\/h2>\n<p>\u0110\u01b0\u1eddng D\u00e2y H\u1ed7 Tr\u1ee3 V\u1ec1 C\u00e1c L\u1ef1a Ch\u1ecdn Khi Mang Thai  cung c\u1ea5p th\u00f4ng tin t\u1ed5ng qu\u00e1t tr\u00ean c\u01a1 s\u1edf b\u1ea3o m\u1eadt. M\u1ed9t s\u1ed1 th\u00f4ng tin c\u00e1 nh\u00e2n \u0111\u01b0\u1ee3c y\u00eau c\u1ea7u cho m\u1ee5c \u0111\u00edch qu\u1ea3n l\u00fd ch\u1ea5t l\u01b0\u1ee3ng. Qu\u00fd v\u1ecb kh\u00f4ng n\u00ean xem c\u00e1c th\u00f4ng tin do \u0110\u01b0\u1eddng D\u00e2y H\u1ed7 Tr\u1ee3 V\u1ec1 C\u00e1c L\u1ef1a Ch\u1ecdn Khi Mang Thai  cung c\u1ea5p l\u00e0 t\u01b0 v\u1ea5n, ch\u1ea9n \u0111o\u00e1n, \u0111i\u1ec1u tr\u1ecb y khoa c\u1ee5 th\u1ec3 ho\u1eb7c \u00fd ki\u1ebfn tham kh\u1ea3o t\u1eeb chuy\u00ean gia y t\u1ebf. C\u00e1c c\u00e1 nh\u00e2n y\u00eau c\u1ea7u t\u01b0 v\u1ea5n l\u00e2m s\u00e0ng theo l\u1ed9 tr\u00ecnh c\u00e1 nh\u00e2n h\u00f3a s\u1ebd \u0111\u01b0\u1ee3c gi\u1edbi thi\u1ec7u \u0111\u1ebfn c\u00e1c nh\u00e0 cung c\u1ea5p d\u1ecbch v\u1ee5 l\u00e2m s\u00e0ng.<\/p>","protected":false},"excerpt":{"rendered":"<p>The Pregnancy Choices Helpline is operated by Family Planning NSW with funding from NSW Health. Family Planning NSW is the leading provider of reproductive and sexual health services in New South Wales and Australia. Our mission is to enhance the reproductive and sexual health and rights of our communities by supporting all people to have&hellip;&nbsp;<a href=\"https:\/\/www.pregnancychoices.org.au\/vi\/about-us\/\" class=\"\" rel=\"bookmark\">\u0110\u1ecdc ti\u1ebfp &raquo;<span class=\"screen-reader-text\">GI\u1edaI THI\u1ec6U<\/span><\/a><\/p>","protected":false},"author":2,"featured_media":0,"parent":0,"menu_order":0,"comment_status":"closed","ping_status":"closed","template":"","meta":{"om_disable_all_campaigns":false,"_monsterinsights_skip_tracking":false,"_monsterinsights_sitenote_active":false,"_monsterinsights_sitenote_note":"","_monsterinsights_sitenote_category":0,"neve_meta_sidebar":"full-width","neve_meta_container":"","neve_meta_enable_content_width":"on","neve_meta_content_width":100,"neve_meta_title_alignment":"","neve_meta_author_avatar":"","neve_post_elements_order":"","neve_meta_disable_header":"","neve_meta_disable_footer":"","neve_meta_disable_title":"","footnotes":""},"class_list":["post-221","page","type-page","status-publish","hentry"],"aioseo_notices":[],"jetpack_sharing_enabled":true,"_links":{"self":[{"href":"https:\/\/www.pregnancychoices.org.au\/vi\/wp-json\/wp\/v2\/pages\/221","targetHints":{"allow":["GET"]}}],"collection":[{"href":"https:\/\/www.pregnancychoices.org.au\/vi\/wp-json\/wp\/v2\/pages"}],"about":[{"href":"https:\/\/www.pregnancychoices.org.au\/vi\/wp-json\/wp\/v2\/types\/page"}],"author":[{"embeddable":true,"href":"https:\/\/www.pregnancychoices.org.au\/vi\/wp-json\/wp\/v2\/users\/2"}],"replies":[{"embeddable":true,"href":"https:\/\/www.pregnancychoices.org.au\/vi\/wp-json\/wp\/v2\/comments?post=221"}],"version-history":[{"count":5,"href":"https:\/\/www.pregnancychoices.org.au\/vi\/wp-json\/wp\/v2\/pages\/221\/revisions"}],"predecessor-version":[{"id":509,"href":"https:\/\/www.pregnancychoices.org.au\/vi\/wp-json\/wp\/v2\/pages\/221\/revisions\/509"}],"wp:attachment":[{"href":"https:\/\/www.pregnancychoices.org.au\/vi\/wp-json\/wp\/v2\/media?parent=221"}],"curies":[{"name":"wp","href":"https:\/\/api.w.org\/{rel}","templated":true}]}}