{"id":223,"date":"2021-04-16T14:24:01","date_gmt":"2021-04-16T04:24:01","guid":{"rendered":"https:\/\/pregnancychoices.org.au\/?page_id=223"},"modified":"2021-04-30T13:28:53","modified_gmt":"2021-04-30T03:28:53","slug":"policies","status":"publish","type":"page","link":"https:\/\/www.pregnancychoices.org.au\/vi\/policies\/","title":{"rendered":"Privacy &#038; Policy"},"content":{"rendered":"<p>Ban k\u1ebf ho\u1ea1ch h\u00f3a gia \u0111\u00ecnh NSW cam k\u1ebft b\u1ea3o v\u1ec7 quy\u1ec1n ri\u00eang t\u01b0 v\u00e0 x\u1eed l\u00fd th\u00f4ng tin c\u00e1 nh\u00e2n c\u1ee7a qu\u00fd v\u1ecb m\u1ed9t c\u00e1ch c\u00f3 tr\u00e1ch nhi\u1ec7m theo \u0110\u1ea1o lu\u1eadt B\u1ea3o v\u1ec7 Quy\u1ec1n ri\u00eang t\u01b0 1988 (Cth), \u0110\u1ea1o lu\u1eadt S\u1eeda \u0111\u1ed5i Quy\u1ec1n ri\u00eang t\u01b0 (T\u0103ng c\u01b0\u1eddng b\u1ea3o v\u1ec7 quy\u1ec1n ri\u00eang t\u01b0) 2012, B\u1ed9 Quy t\u1eafc Quy\u1ec1n ri\u00eang t\u01b0 c\u1ee7a \u00dac v\u00e0 c\u00e1c lu\u1eadt li\u00ean quan v\u1ec1 quy\u1ec1n ri\u00eang t\u01b0 c\u1ee7a NSW v\u00e0 c\u00e1c quy \u0111\u1ecbnh (\u0111\u01b0\u1ee3c g\u1ecdi l\u00e0 lu\u1eadt v\u1ec1 quy\u1ec1n ri\u00eang t\u01b0). \u0110\u1ec3 bi\u1ebft th\u00eam th\u00f4ng tin v\u1ec1 c\u00e1ch Ban k\u1ebf ho\u1ea1ch h\u00f3a gia \u0111\u00ecnh NSW x\u1eed l\u00fd th\u00f4ng tin c\u00e1 nh\u00e2n, h\u00e3y xem Ch\u00ednh s\u00e1ch v\u1ec1 Quy\u1ec1n ri\u00eang t\u01b0 c\u1ee7a Ban k\u1ebf ho\u1ea1ch h\u00f3a gia \u0111\u00ecnh NSW.<\/p>\n<p class=\"translation-block\">\u0110\u1ec3 bi\u1ebft th\u00eam th\u00f4ng tin v\u1ec1 c\u00e1ch Ban k\u1ebf ho\u1ea1ch h\u00f3a gia \u0111\u00ecnh NSW x\u1eed l\u00fd th\u00f4ng tin c\u00e1 nh\u00e2n, h\u00e3y xem <a href=\"https:\/\/www.fpnsw.org.au\/about-us\/policies\/privacy-policy\" target=\"_self\">Ch\u00ednh s\u00e1ch v\u1ec1 Quy\u1ec1n ri\u00eang t\u01b0 c\u1ee7a Ban k\u1ebf ho\u1ea1ch h\u00f3a gia \u0111\u00ecnh NSW<\/a>.<\/p>\n<h3>S\u1eec D\u1ee4NG V\u00c0 TI\u1ebeT L\u1ed8<\/h3>\n<p>\u0110\u01b0\u1eddng D\u00e2y H\u1ed7 Tr\u1ee3 V\u1ec1 C\u00e1c L\u1ef1a Ch\u1ecdn Khi Mang Thai  cung c\u1ea5p th\u00f4ng tin t\u1ed5ng qu\u00e1t tr\u00ean c\u01a1 s\u1edf b\u1ea3o m\u1eadt. M\u1ed9t s\u1ed1 th\u00f4ng tin c\u00e1 nh\u00e2n \u0111\u01b0\u1ee3c y\u00eau c\u1ea7u cho m\u1ee5c \u0111\u00edch qu\u1ea3n l\u00fd ch\u1ea5t l\u01b0\u1ee3ng. Qu\u00fd v\u1ecb kh\u00f4ng n\u00ean xem c\u00e1c th\u00f4ng tin do \u0110\u01b0\u1eddng D\u00e2y H\u1ed7 Tr\u1ee3 V\u1ec1 C\u00e1c L\u1ef1a Ch\u1ecdn Khi Mang Thai  cung c\u1ea5p l\u00e0 t\u01b0 v\u1ea5n, ch\u1ea9n \u0111o\u00e1n, \u0111i\u1ec1u tr\u1ecb y khoa c\u1ee5 th\u1ec3 ho\u1eb7c \u00fd ki\u1ebfn tham kh\u1ea3o t\u1eeb chuy\u00ean gia y t\u1ebf. C\u00e1c c\u00e1 nh\u00e2n y\u00eau c\u1ea7u t\u01b0 v\u1ea5n l\u00e2m s\u00e0ng theo l\u1ed9 tr\u00ecnh c\u00e1 nh\u00e2n h\u00f3a s\u1ebd \u0111\u01b0\u1ee3c gi\u1edbi thi\u1ec7u \u0111\u1ebfn c\u00e1c nh\u00e0 cung c\u1ea5p d\u1ecbch v\u1ee5 l\u00e2m s\u00e0ng.<\/p>\n<h3>CH\u00cdNH S\u00c1CH COOKIE<\/h3>\n<p>Website c\u1ee7a \u0110\u01b0\u1eddng D\u00e2y H\u1ed7 Tr\u1ee3 V\u1ec1 C\u00e1c L\u1ef1a Ch\u1ecdn Khi Mang Thai  c\u00f3 th\u1ec3 s\u1eed d\u1ee5ng cookie \u0111\u1ec3 thu th\u1eadp th\u00f4ng tin \u1ea9n danh, phi \u0111\u1ecbnh danh nh\u1eb1m \u0111o l\u01b0\u1eddng ho\u1ea1t \u0111\u1ed9ng c\u1ee7a qu\u00fd v\u1ecb t\u1ea1i trang pregnancychoices.org.au. Th\u00f4ng tin n\u00e0y ch\u1ec9 \u0111\u01b0\u1ee3c s\u1eed d\u1ee5ng \u0111\u1ec3 c\u1ea3i thi\u1ec7n ch\u1ee9c n\u0103ng website c\u1ee7a ch\u00fang t\u00f4i. C\u00e1c cookie KH\u00d4NG thu th\u1eadp th\u00f4ng tin \u0111\u1ecbnh danh c\u00e1 nh\u00e2n. B\u1eb1ng c\u00e1ch s\u1eed d\u1ee5ng website \u0110\u01b0\u1eddng D\u00e2y H\u1ed7 Tr\u1ee3 V\u1ec1 C\u00e1c L\u1ef1a Ch\u1ecdn Khi Mang Thai, qu\u00fd v\u1ecb \u0111\u00e3 \u0111\u1ed3ng \u00fd v\u1edbi vi\u1ec7c thu th\u1eadp cookie.<\/p>","protected":false},"excerpt":{"rendered":"<p>Family Planning NSW is committed to protecting your privacy and to handling your personal information in a responsible manner in accordance with Privacy Act 1988 (Cth), the Privacy Amendment (Enhancing Privacy Protection) Act 2012, the Australian Privacy Principles and relevant NSW privacy laws and regulations (referred to as privacy legislation). For further information about how&hellip;&nbsp;<a href=\"https:\/\/www.pregnancychoices.org.au\/vi\/policies\/\" class=\"\" rel=\"bookmark\">\u0110\u1ecdc ti\u1ebfp &raquo;<span class=\"screen-reader-text\">Privacy &#038; Policy<\/span><\/a><\/p>","protected":false},"author":2,"featured_media":0,"parent":0,"menu_order":0,"comment_status":"closed","ping_status":"closed","template":"","meta":{"om_disable_all_campaigns":false,"_monsterinsights_skip_tracking":false,"_monsterinsights_sitenote_active":false,"_monsterinsights_sitenote_note":"","_monsterinsights_sitenote_category":0,"neve_meta_sidebar":"full-width","neve_meta_container":"","neve_meta_enable_content_width":"on","neve_meta_content_width":100,"neve_meta_title_alignment":"","neve_meta_author_avatar":"","neve_post_elements_order":"","neve_meta_disable_header":"","neve_meta_disable_footer":"","neve_meta_disable_title":"","footnotes":""},"class_list":["post-223","page","type-page","status-publish","hentry"],"aioseo_notices":[],"jetpack_sharing_enabled":true,"_links":{"self":[{"href":"https:\/\/www.pregnancychoices.org.au\/vi\/wp-json\/wp\/v2\/pages\/223","targetHints":{"allow":["GET"]}}],"collection":[{"href":"https:\/\/www.pregnancychoices.org.au\/vi\/wp-json\/wp\/v2\/pages"}],"about":[{"href":"https:\/\/www.pregnancychoices.org.au\/vi\/wp-json\/wp\/v2\/types\/page"}],"author":[{"embeddable":true,"href":"https:\/\/www.pregnancychoices.org.au\/vi\/wp-json\/wp\/v2\/users\/2"}],"replies":[{"embeddable":true,"href":"https:\/\/www.pregnancychoices.org.au\/vi\/wp-json\/wp\/v2\/comments?post=223"}],"version-history":[{"count":5,"href":"https:\/\/www.pregnancychoices.org.au\/vi\/wp-json\/wp\/v2\/pages\/223\/revisions"}],"predecessor-version":[{"id":332,"href":"https:\/\/www.pregnancychoices.org.au\/vi\/wp-json\/wp\/v2\/pages\/223\/revisions\/332"}],"wp:attachment":[{"href":"https:\/\/www.pregnancychoices.org.au\/vi\/wp-json\/wp\/v2\/media?parent=223"}],"curies":[{"name":"wp","href":"https:\/\/api.w.org\/{rel}","templated":true}]}}