{"id":225,"date":"2021-04-16T14:29:41","date_gmt":"2021-04-16T04:29:41","guid":{"rendered":"https:\/\/pregnancychoices.org.au\/?page_id=225"},"modified":"2021-04-16T14:29:41","modified_gmt":"2021-04-16T04:29:41","slug":"use-and-disclosure","status":"publish","type":"page","link":"https:\/\/www.pregnancychoices.org.au\/vi\/use-and-disclosure\/","title":{"rendered":"S\u1eec D\u1ee4NG V\u00c0 TI\u1ebeT L\u1ed8"},"content":{"rendered":"<p>\u0110\u01b0\u1eddng D\u00e2y H\u1ed7 Tr\u1ee3 V\u1ec1 C\u00e1c L\u1ef1a Ch\u1ecdn Khi Mang Thai  cung c\u1ea5p th\u00f4ng tin t\u1ed5ng qu\u00e1t tr\u00ean c\u01a1 s\u1edf b\u1ea3o m\u1eadt. M\u1ed9t s\u1ed1 th\u00f4ng tin c\u00e1 nh\u00e2n \u0111\u01b0\u1ee3c y\u00eau c\u1ea7u cho m\u1ee5c \u0111\u00edch qu\u1ea3n l\u00fd ch\u1ea5t l\u01b0\u1ee3ng. Qu\u00fd v\u1ecb kh\u00f4ng n\u00ean xem c\u00e1c th\u00f4ng tin do \u0110\u01b0\u1eddng D\u00e2y H\u1ed7 Tr\u1ee3 V\u1ec1 C\u00e1c L\u1ef1a Ch\u1ecdn Khi Mang Thai  cung c\u1ea5p l\u00e0 t\u01b0 v\u1ea5n, ch\u1ea9n \u0111o\u00e1n, \u0111i\u1ec1u tr\u1ecb y khoa c\u1ee5 th\u1ec3 ho\u1eb7c \u00fd ki\u1ebfn tham kh\u1ea3o t\u1eeb chuy\u00ean gia y t\u1ebf. C\u00e1c c\u00e1 nh\u00e2n y\u00eau c\u1ea7u t\u01b0 v\u1ea5n l\u00e2m s\u00e0ng theo l\u1ed9 tr\u00ecnh c\u00e1 nh\u00e2n h\u00f3a s\u1ebd \u0111\u01b0\u1ee3c gi\u1edbi thi\u1ec7u \u0111\u1ebfn c\u00e1c nh\u00e0 cung c\u1ea5p d\u1ecbch v\u1ee5 l\u00e2m s\u00e0ng.<\/p>","protected":false},"excerpt":{"rendered":"<p>\u0110\u01b0\u1eddng D\u00e2y H\u1ed7 Tr\u1ee3 V\u1ec1 C\u00e1c L\u1ef1a Ch\u1ecdn Khi Mang Thai  cung c\u1ea5p th\u00f4ng tin t\u1ed5ng qu\u00e1t tr\u00ean c\u01a1 s\u1edf b\u1ea3o m\u1eadt. M\u1ed9t s\u1ed1 th\u00f4ng tin c\u00e1 nh\u00e2n \u0111\u01b0\u1ee3c y\u00eau c\u1ea7u cho m\u1ee5c \u0111\u00edch qu\u1ea3n l\u00fd ch\u1ea5t l\u01b0\u1ee3ng. Qu\u00fd v\u1ecb kh\u00f4ng n\u00ean xem c\u00e1c th\u00f4ng tin do \u0110\u01b0\u1eddng D\u00e2y H\u1ed7 Tr\u1ee3 V\u1ec1 C\u00e1c L\u1ef1a Ch\u1ecdn Khi Mang Thai  cung c\u1ea5p l\u00e0 t\u01b0 v\u1ea5n, ch\u1ea9n \u0111o\u00e1n, \u0111i\u1ec1u tr\u1ecb y khoa c\u1ee5 th\u1ec3 ho\u1eb7c \u00fd ki\u1ebfn tham kh\u1ea3o t\u1eeb chuy\u00ean gia y t\u1ebf. C\u00e1c c\u00e1 nh\u00e2n y\u00eau c\u1ea7u t\u01b0 v\u1ea5n l\u00e2m s\u00e0ng theo l\u1ed9 tr\u00ecnh c\u00e1 nh\u00e2n h\u00f3a s\u1ebd \u0111\u01b0\u1ee3c gi\u1edbi thi\u1ec7u \u0111\u1ebfn c\u00e1c nh\u00e0 cung c\u1ea5p d\u1ecbch v\u1ee5 l\u00e2m s\u00e0ng.<\/p>","protected":false},"author":2,"featured_media":0,"parent":0,"menu_order":0,"comment_status":"closed","ping_status":"closed","template":"","meta":{"om_disable_all_campaigns":false,"_monsterinsights_skip_tracking":false,"_monsterinsights_sitenote_active":false,"_monsterinsights_sitenote_note":"","_monsterinsights_sitenote_category":0,"neve_meta_sidebar":"full-width","neve_meta_container":"","neve_meta_enable_content_width":"on","neve_meta_content_width":100,"neve_meta_title_alignment":"","neve_meta_author_avatar":"","neve_post_elements_order":"","neve_meta_disable_header":"","neve_meta_disable_footer":"","neve_meta_disable_title":"","footnotes":""},"class_list":["post-225","page","type-page","status-publish","hentry"],"aioseo_notices":[],"jetpack_sharing_enabled":true,"_links":{"self":[{"href":"https:\/\/www.pregnancychoices.org.au\/vi\/wp-json\/wp\/v2\/pages\/225","targetHints":{"allow":["GET"]}}],"collection":[{"href":"https:\/\/www.pregnancychoices.org.au\/vi\/wp-json\/wp\/v2\/pages"}],"about":[{"href":"https:\/\/www.pregnancychoices.org.au\/vi\/wp-json\/wp\/v2\/types\/page"}],"author":[{"embeddable":true,"href":"https:\/\/www.pregnancychoices.org.au\/vi\/wp-json\/wp\/v2\/users\/2"}],"replies":[{"embeddable":true,"href":"https:\/\/www.pregnancychoices.org.au\/vi\/wp-json\/wp\/v2\/comments?post=225"}],"version-history":[{"count":1,"href":"https:\/\/www.pregnancychoices.org.au\/vi\/wp-json\/wp\/v2\/pages\/225\/revisions"}],"predecessor-version":[{"id":226,"href":"https:\/\/www.pregnancychoices.org.au\/vi\/wp-json\/wp\/v2\/pages\/225\/revisions\/226"}],"wp:attachment":[{"href":"https:\/\/www.pregnancychoices.org.au\/vi\/wp-json\/wp\/v2\/media?parent=225"}],"curies":[{"name":"wp","href":"https:\/\/api.w.org\/{rel}","templated":true}]}}