{"id":24,"date":"2021-03-11T11:16:51","date_gmt":"2021-03-11T00:16:51","guid":{"rendered":"https:\/\/pregnancychoices.org.au\/?page_id=24"},"modified":"2024-04-19T10:58:19","modified_gmt":"2024-04-19T00:58:19","slug":"reproductive-and-sexual-health-services","status":"publish","type":"page","link":"https:\/\/www.pregnancychoices.org.au\/vi\/reproductive-and-sexual-health-services\/","title":{"rendered":"D\u1ecbch V\u1ee5 S\u1ee9c Kh\u1ecfe Sinh S\u1ea3n V\u00e0 S\u1ee9c Kh\u1ecfe T\u00ecnh D\u1ee5c"},"content":{"rendered":"<p>Ti\u1ebfp c\u1eadn v\u1edbi d\u1ecbch v\u1ee5 s\u1ee9c kh\u1ecfe sinh s\u1ea3n v\u00e0 s\u1ee9c kh\u1ecfe t\u00ecnh d\u1ee5c ch\u1ea5t l\u01b0\u1ee3ng cao v\u00e0 gi\u00e1 c\u1ea3 ph\u1ea3i ch\u0103ng l\u00e0 \u0111i\u1ec1u c\u1ea7n thi\u1ebft \u0111\u1ec3 n\u00e2ng cao s\u1ee9c kh\u1ecfe c\u1ee7a t\u1ea5t c\u1ea3 m\u1ecdi ng\u01b0\u1eddi.<\/p>\n<p>Reproductive and sexual health services provide contraception information, contraceptive procedures (IUD and Implanon insertion and removal), advice on pregnancy options including early abortion, STI testing and management, the management of menopause symptoms, and more. Click <a href=\"https:\/\/searchplus.org.au\">here<\/a> to find a service near you.<\/p>\n<p>\u0110\u1ec3 bi\u1ebft th\u00eam th\u00f4ng tin chi ti\u1ebft v\u1ec1 c\u00e1c v\u1ea5n \u0111\u1ec1 kh\u00e1c li\u00ean quan \u0111\u1ebfn s\u1ee9c kh\u1ecfe sinh s\u1ea3n v\u00e0 s\u1ee9c kh\u1ecfe t\u00ecnh d\u1ee5c, xin vui l\u00f2ng:<\/p>\n<ul>\n<li>trao \u0111\u1ed5i v\u1edbi b\u00e1c s\u0129 \u0111\u1ecba ph\u01b0\u01a1ng<\/li>\n<li class=\"translation-block\">li\u00ean h\u1ec7 v\u1edbi <a href=\"https:\/\/whnsw.asn.au\/womens-health-centres-nsw\/\" target=\"_self\" rel=\"noopener\">trung t\u00e2m ch\u0103m s\u00f3c s\u1ee9c kh\u1ecfe ph\u1ee5 n\u1eef<\/a><\/li>\n<li class=\"translation-block\">truy c\u1eadp trang m\u1ea1ng <a href=\"https:\/\/www.fpnsw.org.au\" target=\"_self\" rel=\"noopener\">www.fpnsw.org.au<\/a><\/li>\n<\/ul>","protected":false},"excerpt":{"rendered":"<p>Access to high quality and affordable reproductive and sexual health services is vital to improving the health and wellbeing of all people. Reproductive and sexual health services provide contraception information, contraceptive procedures (IUD and Implanon insertion and removal), advice on pregnancy options including early abortion, STI testing and management, the management of menopause symptoms, and&hellip;&nbsp;<a href=\"https:\/\/www.pregnancychoices.org.au\/vi\/reproductive-and-sexual-health-services\/\" class=\"\" rel=\"bookmark\">\u0110\u1ecdc ti\u1ebfp &raquo;<span class=\"screen-reader-text\">D\u1ecbch V\u1ee5 S\u1ee9c Kh\u1ecfe Sinh S\u1ea3n V\u00e0 S\u1ee9c Kh\u1ecfe T\u00ecnh D\u1ee5c<\/span><\/a><\/p>","protected":false},"author":1,"featured_media":0,"parent":0,"menu_order":0,"comment_status":"closed","ping_status":"closed","template":"","meta":{"om_disable_all_campaigns":false,"_monsterinsights_skip_tracking":false,"_monsterinsights_sitenote_active":false,"_monsterinsights_sitenote_note":"","_monsterinsights_sitenote_category":0,"neve_meta_sidebar":"","neve_meta_container":"","neve_meta_enable_content_width":"off","neve_meta_content_width":100,"neve_meta_title_alignment":"","neve_meta_author_avatar":"","neve_post_elements_order":"","neve_meta_disable_header":"","neve_meta_disable_footer":"","neve_meta_disable_title":"","footnotes":""},"class_list":["post-24","page","type-page","status-publish","hentry"],"aioseo_notices":[],"jetpack_sharing_enabled":true,"_links":{"self":[{"href":"https:\/\/www.pregnancychoices.org.au\/vi\/wp-json\/wp\/v2\/pages\/24","targetHints":{"allow":["GET"]}}],"collection":[{"href":"https:\/\/www.pregnancychoices.org.au\/vi\/wp-json\/wp\/v2\/pages"}],"about":[{"href":"https:\/\/www.pregnancychoices.org.au\/vi\/wp-json\/wp\/v2\/types\/page"}],"author":[{"embeddable":true,"href":"https:\/\/www.pregnancychoices.org.au\/vi\/wp-json\/wp\/v2\/users\/1"}],"replies":[{"embeddable":true,"href":"https:\/\/www.pregnancychoices.org.au\/vi\/wp-json\/wp\/v2\/comments?post=24"}],"version-history":[{"count":5,"href":"https:\/\/www.pregnancychoices.org.au\/vi\/wp-json\/wp\/v2\/pages\/24\/revisions"}],"predecessor-version":[{"id":522,"href":"https:\/\/www.pregnancychoices.org.au\/vi\/wp-json\/wp\/v2\/pages\/24\/revisions\/522"}],"wp:attachment":[{"href":"https:\/\/www.pregnancychoices.org.au\/vi\/wp-json\/wp\/v2\/media?parent=24"}],"curies":[{"name":"wp","href":"https:\/\/api.w.org\/{rel}","templated":true}]}}