{"id":28,"date":"2021-03-11T11:17:28","date_gmt":"2021-03-11T00:17:28","guid":{"rendered":"https:\/\/pregnancychoices.org.au\/?page_id=28"},"modified":"2021-11-16T15:46:11","modified_gmt":"2021-11-16T04:46:11","slug":"surgical-abortion","status":"publish","type":"page","link":"https:\/\/www.pregnancychoices.org.au\/vi\/surgical-abortion\/","title":{"rendered":"Ph\u00e1 thai Ngo\u1ea1i khoa"},"content":{"rendered":"<p>Ph\u00e1 thai ngo\u1ea1i khoa t\u1ee9c l\u00e0 ph\u1eabu thu\u1eadt, th\u01b0\u1eddng k\u00e8m theo thu\u1ed1c g\u00e2y m\u00ea li\u1ec1u nh\u1eb9, \u0111\u1ec3 ch\u1ea5m d\u1ee9t thai k\u1ef3.<\/p>\r\n<h2>B\u01af\u1edaC \u0110\u1ea6U TI\u00caN QU\u00dd V\u1eca C\u1ea6N TH\u1ef0C HI\u1ec6N L\u00c0 G\u00cc?<\/h2>\r\n<p>Tr\u01b0\u1edbc khi \u0111\u1eb7t l\u1ecbch h\u1eb9n, \u0111i\u1ec1u quan tr\u1ecdng l\u00e0 qu\u00fd v\u1ecb ph\u1ea3i bi\u1ebft \u0111\u01b0\u1ee3c tu\u1ed5i thai (theo tu\u1ea7n) v\u00e0 c\u00e1c d\u1ecbch v\u1ee5 m\u00e0 ph\u00f2ng kh\u00e1m cung c\u1ea5p. N\u1ebfu qu\u00fd v\u1ecb kh\u00f4ng ch\u1eafc v\u1ec1 tr\u00ecnh tr\u1ea1ng mang thai c\u1ee7a m\u00ecnh, qu\u00fd v\u1ecb c\u00f3 th\u1ec3 c\u1ea7n si\u00eau \u00e2m.<\/p>\r\n<p>Ti\u1ebfn h\u00e0nh si\u00eau \u00e2m \u0111\u1ec3 x\u00e1c \u0111\u1ecbnh tu\u1ed5i thai (theo tu\u1ea7n) c\u1ee7a qu\u00fd v\u1ecb. Th\u01b0\u1eddng t\u1ed1t nh\u1ea5t qu\u00fd v\u1ecb n\u00ean \u0111\u1ee3i thai nhi \u0111\u01b0\u1ee3c 6 t\u1edbi 7 tu\u1ea7n tu\u1ed5i tr\u01b0\u1edbc khi ti\u1ebfn h\u00e0nh ph\u00e1 thai ngo\u1ea1i khoa. N\u1ebfu ti\u1ebfn h\u00e0nh s\u1edbm h\u01a1n th\u1eddi gian n\u00e0y th\u00ec th\u1ee7 thu\u1eadt ph\u00e1 thai c\u00f3 kh\u1ea3 n\u0103ng cao s\u1ebd kh\u00f4ng th\u00e0nh c\u00f4ng.<\/p>\r\n<h2>TH\u1ee6 THU\u1eacT PH\u00c1 THAI S\u1ebc \u0110\u01af\u1ee2C TI\u1ebeN H\u00c0NH NH\u01af TH\u1ebe N\u00c0O?<\/h2>\r\n<p>Th\u1ee7 thu\u1eadt ph\u00e1 thai ngo\u1ea1i khoa th\u01b0\u1eddng \u0111\u01b0\u1ee3c th\u1ef1c hi\u1ec7n trong khi qu\u00fd v\u1ecb \u0111\u01b0\u1ee3c g\u00e2y m\u00ea li\u1ec1u nh\u1eb9, \u1edf tr\u1ea1ng th\u00e1i th\u01b0 gi\u00e3n v\u00e0 thi\u1ebfp ng\u1ee7. Thu\u1ed1c g\u00e2y m\u00ea \u0111\u01b0\u1ee3c s\u1eed d\u1ee5ng \u0111\u1ec3 gi\u00fap qu\u00fd v\u1ecb c\u1ea3m th\u1ea5y tho\u1ea3i m\u00e1i h\u1ebft m\u1ee9c c\u00f3 th\u1ec3 trong su\u1ed1t qu\u00e1 tr\u00ecnh ph\u1eabu thu\u1eadt.<\/p>\r\n<p>Ph\u00e1 thai lo\u1ea1i b\u1ecf l\u1edbp ni\u00eam m\u1ea1c v\u00e0 thai nhi b\u00ean trong t\u1eed cung. Th\u1ee7 thu\u1eadt ph\u00e1 thai \u0111\u01b0\u1ee3c ti\u1ebfn h\u00e0nh b\u1eb1ng c\u00e1ch \u0111\u01b0a \u1ed1ng nh\u1ef1a nh\u1ecf v\u00e0o b\u00ean trong t\u1eed cung v\u00e0 h\u00fat c\u00e1c ch\u1ea5t ra nh\u1eb9 nh\u00e0ng. Th\u1ee7 thu\u1eadt n\u00e0y an to\u00e0n, \u0111\u01a1n gi\u1ea3n v\u00e0 \u00edt r\u1ee7i ro khi \u0111\u01b0\u1ee3c th\u1ef1c hi\u1ec7n b\u1edfi b\u00e1c s\u0129 gi\u00e0u kinh nghi\u1ec7m.<\/p>\r\n<p>Th\u1eddi gian ti\u1ebfn h\u00e0nh th\u1ee7 thu\u1eadt ch\u1ec9 m\u1ea5t kho\u1ea3ng 15 ph\u00fat, nh\u01b0ng qu\u00fd v\u1ecb s\u1ebd c\u1ea7n \u1edf l\u1ea1i ph\u00f2ng kh\u00e1m ho\u1eb7c b\u1ec7nh vi\u1ec7n trong kho\u1ea3ng 4 gi\u1edd \u0111\u1ed3ng h\u1ed3 \u0111\u1ec3 \u0111\u1ea3m b\u1ea3o thu\u1ed1c g\u00e2y m\u00ea h\u1ebft hi\u1ec7u l\u1ef1c ho\u00e0n to\u00e0n v\u00e0 qu\u00fd v\u1ecb c\u00f3 th\u1ec3 v\u1ec1 nh\u00e0 an to\u00e0n.<\/p>\r\n<p>Ph\u1ea3i s\u1eed d\u1ee5ng th\u1ee7 thu\u1eadt kh\u00e1c \u0111\u1ed1i v\u1edbi thai nhi kho\u1ea3ng 16 tu\u1ea7n tu\u1ed5i. Th\u1ee7 thu\u1eadt n\u00e0y th\u01b0\u1eddng ph\u1ee9c t\u1ea1p v\u00e0 kh\u00f3 ti\u1ebfp c\u1eadn h\u01a1n. Gi\u00e1 c\u1ea3 l\u00e0m th\u1ee7 thu\u1eadt ph\u00e1 thai th\u01b0\u1eddng t\u0103ng theo tu\u1ed5i thai k\u1ef3.<\/p>\r\n<h2>T\u00d4I C\u00d3 TH\u1ec2 TH\u1ef0C HI\u1ec6N PH\u00c1 THAI NGO\u1ea0I KHOA \u1ede \u0110\u00c2U?<\/h2>\r\n\r\n\r\n\r\n<p>Ph\u00e1 thai ngo\u1ea1i khoa l\u00e0 d\u1ecbch v\u1ee5 c\u00f3 s\u1eb5n \u1edf NSW th\u00f4ng qua c\u00e1c ph\u00f2ng kh\u00e1m c\u1ed9ng \u0111\u1ed3ng v\u00e0 th\u1ec9nh tho\u1ea3ng \u1edf c\u00e1c b\u1ec7nh vi\u1ec7n c\u00f4ng. T\u1ea1i NSW, qu\u00fd v\u1ecb kh\u00f4ng c\u1ea7n gi\u1ea5y gi\u1edbi thi\u1ec7u c\u1ee7a b\u00e1c s\u0129 \u0111\u1ec3 \u0111\u1ebfn ph\u00f2ng kh\u00e1m. \u0110i\u1ec1u n\u00e0y c\u0169ng \u0111\u1ed3ng ngh\u0129a qu\u00fd v\u1ecb c\u00f3 th\u1ec3 tr\u1ef1c ti\u1ebfp g\u1ecdi \u0111i\u1ec7n cho ph\u00f2ng kh\u00e1m \u0111\u1ec3 \u0111\u1eb7t l\u1ecbch h\u1eb9n. M\u1ed9t s\u1ed1 ph\u00f2ng kh\u00e1m ch\u1ec9 th\u1ef1c hi\u1ec7n ph\u00e1 thai ngo\u1ea1i khoa v\u1edbi thai t\u1eeb 12 tu\u1ea7n tu\u1ed5i tr\u1edf xu\u1ed1ng, trong khi m\u1ed9t s\u1ed1 ph\u00f2ng kh\u00e1m kh\u00e1c c\u00f3 th\u1ec3 th\u1ef1c hi\u1ec7n ph\u00e1 thai t\u1eeb 20 tu\u1ea7n tu\u1ed5i tr\u1edf xu\u1ed1ng.<\/p>\r\n<h2>T\u00d4I C\u00d3 TH\u1ec2 \u0110\u1eb6T L\u1ecaCH H\u1eb8N PH\u00c1 THAI NGO\u1ea0I KHOA NH\u01af TH\u1ebe N\u00c0O?<\/h2>\r\n\r\n\r\n\r\n<div>\r\n<p class=\"translation-block\">N\u1ebfu qu\u00fd v\u1ecb \u0111ang c\u00e2n nh\u1eafc ph\u00e1 thai ngo\u1ea1i khoa ho\u1eb7c mong mu\u1ed1n t\u00ecm hi\u1ec3u n\u01a1i c\u00f3 th\u1ec3 th\u1ef1c hi\u1ec7n th\u1ee7 thu\u1eadt n\u00e0y, xin vui l\u00f2ng g\u1ecdi \u0111\u1ebfn \u0110\u01b0\u1eddng D\u00e2y H\u1ed7 Tr\u1ee3 V\u1ec1 C\u00e1c L\u1ef1a Ch\u1ecdn Khi Mang Thai  theo s\u1ed1 \u0111i\u1ec7n tho\u1ea1i <span><a href=\"tel:1800008463\"><strong>1800 008 463<\/strong><\/a><\/span>.<\/p><\/div>","protected":false},"excerpt":{"rendered":"<p>Surgical abortion involves an operation, usually under a light sedation, to end a pregnancy. What is the first step? Before you make an appointment, it is important to know how many weeks pregnant you are and what the clinic can offer. If you are not sure how pregnant you are, you may need to have&hellip;&nbsp;<a href=\"https:\/\/www.pregnancychoices.org.au\/vi\/surgical-abortion\/\" class=\"\" rel=\"bookmark\">\u0110\u1ecdc ti\u1ebfp &raquo;<span class=\"screen-reader-text\">Ph\u00e1 thai Ngo\u1ea1i khoa<\/span><\/a><\/p>","protected":false},"author":1,"featured_media":0,"parent":0,"menu_order":0,"comment_status":"closed","ping_status":"closed","template":"","meta":{"om_disable_all_campaigns":false,"_monsterinsights_skip_tracking":false,"_monsterinsights_sitenote_active":false,"_monsterinsights_sitenote_note":"","_monsterinsights_sitenote_category":0,"neve_meta_sidebar":"","neve_meta_container":"","neve_meta_enable_content_width":"off","neve_meta_content_width":0,"neve_meta_title_alignment":"","neve_meta_author_avatar":"","neve_post_elements_order":"","neve_meta_disable_header":"","neve_meta_disable_footer":"","neve_meta_disable_title":"","footnotes":""},"class_list":["post-28","page","type-page","status-publish","hentry"],"aioseo_notices":[],"jetpack_sharing_enabled":true,"_links":{"self":[{"href":"https:\/\/www.pregnancychoices.org.au\/vi\/wp-json\/wp\/v2\/pages\/28","targetHints":{"allow":["GET"]}}],"collection":[{"href":"https:\/\/www.pregnancychoices.org.au\/vi\/wp-json\/wp\/v2\/pages"}],"about":[{"href":"https:\/\/www.pregnancychoices.org.au\/vi\/wp-json\/wp\/v2\/types\/page"}],"author":[{"embeddable":true,"href":"https:\/\/www.pregnancychoices.org.au\/vi\/wp-json\/wp\/v2\/users\/1"}],"replies":[{"embeddable":true,"href":"https:\/\/www.pregnancychoices.org.au\/vi\/wp-json\/wp\/v2\/comments?post=28"}],"version-history":[{"count":8,"href":"https:\/\/www.pregnancychoices.org.au\/vi\/wp-json\/wp\/v2\/pages\/28\/revisions"}],"predecessor-version":[{"id":422,"href":"https:\/\/www.pregnancychoices.org.au\/vi\/wp-json\/wp\/v2\/pages\/28\/revisions\/422"}],"wp:attachment":[{"href":"https:\/\/www.pregnancychoices.org.au\/vi\/wp-json\/wp\/v2\/media?parent=28"}],"curies":[{"name":"wp","href":"https:\/\/api.w.org\/{rel}","templated":true}]}}