{"id":53,"date":"2021-03-11T12:09:39","date_gmt":"2021-03-11T01:09:39","guid":{"rendered":"https:\/\/pregnancychoices.org.au\/?page_id=53"},"modified":"2025-03-06T10:06:08","modified_gmt":"2025-03-05T23:06:08","slug":"home","status":"publish","type":"page","link":"https:\/\/www.pregnancychoices.org.au\/vi\/","title":{"rendered":""},"content":{"rendered":"<div class=\"front-page\">\r\n<div class=\"hero-image-holder\"><img loading=\"lazy\" decoding=\"async\" class=\"alignnone size-full wp-image-103\" src=\"\/wp-content\/uploads\/2021\/03\/homepage-banner_1920.jpg\" alt=\"Pregnancy test\" width=\"1920\" height=\"914\" srcset=\"https:\/\/www.pregnancychoices.org.au\/wp-content\/uploads\/2021\/03\/homepage-banner_1920.jpg 1920w, https:\/\/www.pregnancychoices.org.au\/wp-content\/uploads\/2021\/03\/homepage-banner_1920-300x143.jpg 300w, https:\/\/www.pregnancychoices.org.au\/wp-content\/uploads\/2021\/03\/homepage-banner_1920-1024x487.jpg 1024w, https:\/\/www.pregnancychoices.org.au\/wp-content\/uploads\/2021\/03\/homepage-banner_1920-768x366.jpg 768w, https:\/\/www.pregnancychoices.org.au\/wp-content\/uploads\/2021\/03\/homepage-banner_1920-1536x731.jpg 1536w\" sizes=\"auto, (max-width: 1920px) 100vw, 1920px\" \/><\/div>\r\n<div class=\"floating-text-box\">\r\n<div class=\"floating-text-box-text\">\r\n<p>Mang thai c\u00f3 th\u1ec3 x\u1ea3y ra ngo\u00e0i \u00fd mu\u1ed1n.<\/p>\r\n\r\n\r\n\r\n<p>If you or someone you know is experiencing an unplanned pregnancy, the Pregnancy Choices Helpline can support with free, unbiased and confidential information on pregnancy options available in NSW.<\/p>\r\n\r\n\r\n\r\n<p>\u0110\u1ec3 trao \u0111\u1ed5i tr\u1ef1c ti\u1ebfp v\u1edbi m\u1ed9t trong c\u00e1c chuy\u00ean vi\u00ean y t\u1ebf c\u1ee7a ch\u00fang t\u00f4i, xin vui l\u00f2ng g\u1ecdi \u0111\u1ebfn \u0110\u01b0\u1eddng D\u00e2y H\u1ed7 Tr\u1ee3 V\u1ec1 C\u00e1c L\u1ef1a Ch\u1ecdn Khi Mang Thai  theo s\u1ed1 \u0111i\u1ec7n tho\u1ea1i 1800 008 463, t\u1eeb 8 gi\u1edd s\u00e1ng \u0111\u1ebfn 8 gi\u1edd t\u1ed1i, th\u1ee9 Hai t\u1edbi th\u1ee9 S\u00e1u. <span itemprop=\"telephone\"><a href=\"tel:1800008463\"><strong>1800 008 463<\/strong><\/a><\/span> between <strong>8.30am &#8211; 5.00pm<\/strong> Monday to Friday.<\/p>\r\n<p>\u0110\u1ec3 tr\u00f2 chuy\u1ec7n v\u1edbi ng\u01b0\u1eddi n\u00f3i c\u00f9ng ng\u00f4n ng\u1eef v\u1edbi qu\u00fd v\u1ecb, xin vui l\u00f2ng g\u1ecdi \u0111\u1ebfn D\u1ecbch v\u1ee5 Bi\u00ean \u2013 Phi\u00ean d\u1ecbch (TIS) theo s\u1ed1 \u0111i\u1ec7n tho\u1ea1i 131 450. Nh\u1edd h\u1ecd k\u1ebft n\u1ed1i qu\u00fd v\u1ecb v\u1edbi \u0110\u01b0\u1eddng D\u00e2y H\u1ed7 Tr\u1ee3 V\u1ec1 C\u00e1c L\u1ef1a Ch\u1ecdn Khi Mang Thai.<\/p>\r\n<p style=\"margin-bottom: 10px;\">\u0110\u1ec3 k\u1ebft n\u1ed1i v\u1edbi \u0110\u01b0\u1eddng D\u00e2y H\u1ed7 Tr\u1ee3 V\u1ec1 C\u00e1c L\u1ef1a Ch\u1ecdn Khi Mang Thai qua National Relay Service (D\u1ecbch v\u1ee5 Chuy\u1ec3n ti\u1ebfp Qu\u1ed1c gia):<\/p>\r\n<p style=\"margin-bottom: 2px; padding: 0;\">G\u1ecdi 1300 555 727 \u0111\u1ec3 nh\u1eadn chuy\u1ec3n ti\u1ebfp b\u1eb1ng gi\u1ecdng n\u00f3i (Voice Relay)<\/p>\r\n<p style=\"padding: 0; margin-bottom: 2px;\">G\u1ecdi 133 677 \u0111\u1ec3 nh\u1eadn \u0111i\u1ec7n t\u00edn (TTY)<\/p>\r\n<p style=\"padding: 0;\">Nh\u1eafn tin \u0111\u1ebfn s\u1ed1 0423 677 767 \u0111\u1ec3 nh\u1eadn chuy\u1ec3n ti\u1ebfp qua tin nh\u1eafn (SMS Relay)<\/p>\r\n<\/div>\r\n<\/div>\r\n<\/div>","protected":false},"excerpt":{"rendered":"<p>Pregnancy can often be unplanned. If you or someone you know is experiencing an unplanned pregnancy, the Pregnancy Choices Helpline can support with free, unbiased and confidential information on pregnancy options available in NSW. To speak with one of our expert health professionals, call the Pregnancy Choices Helpline on between 8.30am &#8211; 5.00pm Monday to&hellip;&nbsp;<a href=\"https:\/\/www.pregnancychoices.org.au\/vi\/\" class=\"\" rel=\"bookmark\">\u0110\u1ecdc ti\u1ebfp &raquo;<span class=\"screen-reader-text\"><\/span><\/a><\/p>","protected":false},"author":1,"featured_media":0,"parent":0,"menu_order":0,"comment_status":"closed","ping_status":"closed","template":"","meta":{"om_disable_all_campaigns":false,"_monsterinsights_skip_tracking":false,"_monsterinsights_sitenote_active":false,"_monsterinsights_sitenote_note":"","_monsterinsights_sitenote_category":0,"neve_meta_sidebar":"full-width","neve_meta_container":"","neve_meta_enable_content_width":"on","neve_meta_content_width":100,"neve_meta_title_alignment":"","neve_meta_author_avatar":"","neve_post_elements_order":"","neve_meta_disable_header":"","neve_meta_disable_footer":"","neve_meta_disable_title":"","footnotes":""},"class_list":["post-53","page","type-page","status-publish","hentry"],"aioseo_notices":[],"jetpack_sharing_enabled":true,"_links":{"self":[{"href":"https:\/\/www.pregnancychoices.org.au\/vi\/wp-json\/wp\/v2\/pages\/53","targetHints":{"allow":["GET"]}}],"collection":[{"href":"https:\/\/www.pregnancychoices.org.au\/vi\/wp-json\/wp\/v2\/pages"}],"about":[{"href":"https:\/\/www.pregnancychoices.org.au\/vi\/wp-json\/wp\/v2\/types\/page"}],"author":[{"embeddable":true,"href":"https:\/\/www.pregnancychoices.org.au\/vi\/wp-json\/wp\/v2\/users\/1"}],"replies":[{"embeddable":true,"href":"https:\/\/www.pregnancychoices.org.au\/vi\/wp-json\/wp\/v2\/comments?post=53"}],"version-history":[{"count":76,"href":"https:\/\/www.pregnancychoices.org.au\/vi\/wp-json\/wp\/v2\/pages\/53\/revisions"}],"predecessor-version":[{"id":533,"href":"https:\/\/www.pregnancychoices.org.au\/vi\/wp-json\/wp\/v2\/pages\/53\/revisions\/533"}],"wp:attachment":[{"href":"https:\/\/www.pregnancychoices.org.au\/vi\/wp-json\/wp\/v2\/media?parent=53"}],"curies":[{"name":"wp","href":"https:\/\/api.w.org\/{rel}","templated":true}]}}